{"id":1331,"date":"2025-02-10T13:57:09","date_gmt":"2025-02-10T13:57:09","guid":{"rendered":"https:\/\/olymptrade.ai\/?page_id=1331"},"modified":"2025-06-26T03:45:23","modified_gmt":"2025-06-26T03:45:23","slug":"regulation","status":"publish","type":"page","link":"https:\/\/olymptrade.ai\/tr\/duzenleme\/","title":{"rendered":"Y\u00f6netmelik"},"content":{"rendered":"<div data-elementor-type=\"wp-page\" data-elementor-id=\"1331\" class=\"elementor elementor-1331\">\n\t\t\t\t\t\t<section class=\"elementor-section elementor-top-section elementor-element elementor-element-0529df9 elementor-section-boxed elementor-section-height-default elementor-section-height-default\" data-id=\"0529df9\" data-element_type=\"section\">\n\t\t\t\t\t\t<div class=\"elementor-container elementor-column-gap-default\">\n\t\t\t\t\t<div class=\"elementor-column elementor-col-100 elementor-top-column elementor-element elementor-element-2eb748b\" data-id=\"2eb748b\" data-element_type=\"column\">\n\t\t\t<div class=\"elementor-widget-wrap elementor-element-populated\">\n\t\t\t\t\t\t<section class=\"elementor-section elementor-inner-section elementor-element elementor-element-730cbe3 elementor-section-boxed elementor-section-height-default elementor-section-height-default\" data-id=\"730cbe3\" data-element_type=\"section\">\n\t\t\t\t\t\t<div class=\"elementor-container elementor-column-gap-default\">\n\t\t\t\t\t<div class=\"elementor-column elementor-col-50 elementor-inner-column elementor-element elementor-element-bafa74a\" data-id=\"bafa74a\" data-element_type=\"column\">\n\t\t\t<div class=\"elementor-widget-wrap elementor-element-populated\">\n\t\t\t\t\t\t<div class=\"elementor-element elementor-element-9a83ff8 elementor-widget elementor-widget-heading\" data-id=\"9a83ff8\" data-element_type=\"widget\" data-widget_type=\"heading.default\">\n\t\t\t\t<div class=\"elementor-widget-container\">\n\t\t\t\t\t<h1 class=\"elementor-heading-title elementor-size-default\">Garantilerimiz<\/h1>\t\t\t\t<\/div>\n\t\t\t\t<\/div>\n\t\t\t\t<div class=\"elementor-element elementor-element-6f7c320 elementor-widget elementor-widget-text-editor\" data-id=\"6f7c320\" data-element_type=\"widget\" data-widget_type=\"text-editor.default\">\n\t\t\t\t<div class=\"elementor-widget-container\">\n\t\t\t\t\t\t\t\t\t<p>Olymptrade, Vanuatu Finansal Hizmetler Komisyonu taraf\u0131ndan lisansl\u0131 ve d\u00fczenlenmi\u015f bir komisyoncudur. Olymptrade en y\u00fcksek kalitede hizmet sunmay\u0131 taahh\u00fct eder. M\u00fc\u015fterilerimiz mevduat sigortas\u0131 kapsam\u0131ndad\u0131r ve Olymptrade ile finansal etkile\u015fimleriyle ilgili her t\u00fcrl\u00fc sorunun kapsaml\u0131 deste\u011fine ve h\u0131zl\u0131 \u00e7\u00f6z\u00fcm\u00fcne eri\u015febilirler.<\/p><p><span style=\"color: #00ff00;\"><a style=\"color: #00ff00;\" href=\"https:\/\/cfcdn.mnpcdn.com\/s5\/static\/aollikus-license-3a034e9cce74570b31db366acbffe15e.pdf\">Finansal Bayi Lisans\u0131<\/a><\/span><\/p>\t\t\t\t\t\t\t\t<\/div>\n\t\t\t\t<\/div>\n\t\t\t\t\t<\/div>\n\t\t<\/div>\n\t\t\t\t<div class=\"elementor-column elementor-col-50 elementor-inner-column elementor-element elementor-element-8a70938\" data-id=\"8a70938\" data-element_type=\"column\">\n\t\t\t<div class=\"elementor-widget-wrap elementor-element-populated\">\n\t\t\t\t\t\t<div class=\"elementor-element elementor-element-2ac97fe elementor-widget elementor-widget-image\" data-id=\"2ac97fe\" data-element_type=\"widget\" data-widget_type=\"image.default\">\n\t\t\t\t<div class=\"elementor-widget-container\">\n\t\t\t\t\t\t\t\t\t\t\t\t\t\t\t<img fetchpriority=\"high\" decoding=\"async\" width=\"625\" height=\"1024\" src=\"https:\/\/olymptrade.ai\/wp-content\/uploads\/2025\/02\/licen-625x1024.jpg\" class=\"attachment-large size-large wp-image-1337\" alt=\"\" srcset=\"https:\/\/olymptrade.ai\/wp-content\/uploads\/2025\/02\/licen-625x1024.jpg 625w, https:\/\/olymptrade.ai\/wp-content\/uploads\/2025\/02\/licen-183x300.jpg 183w, https:\/\/olymptrade.ai\/wp-content\/uploads\/2025\/02\/licen-768x1259.jpg 768w, https:\/\/olymptrade.ai\/wp-content\/uploads\/2025\/02\/licen-7x12.jpg 7w, https:\/\/olymptrade.ai\/wp-content\/uploads\/2025\/02\/licen.jpg 781w\" sizes=\"(max-width: 625px) 100vw, 625px\" \/>\t\t\t\t\t\t\t\t\t\t\t\t\t\t\t<\/div>\n\t\t\t\t<\/div>\n\t\t\t\t\t<\/div>\n\t\t<\/div>\n\t\t\t\t\t<\/div>\n\t\t<\/section>\n\t\t\t\t\t<\/div>\n\t\t<\/div>\n\t\t\t\t\t<\/div>\n\t\t<\/section>\n\t\t\t\t<section class=\"elementor-section elementor-top-section elementor-element elementor-element-0a2ee10 elementor-section-boxed elementor-section-height-default elementor-section-height-default\" data-id=\"0a2ee10\" data-element_type=\"section\">\n\t\t\t\t\t\t<div class=\"elementor-container elementor-column-gap-default\">\n\t\t\t\t\t<div class=\"elementor-column elementor-col-100 elementor-top-column elementor-element elementor-element-054043c\" data-id=\"054043c\" data-element_type=\"column\">\n\t\t\t<div class=\"elementor-widget-wrap elementor-element-populated\">\n\t\t\t\t\t\t<section class=\"elementor-section elementor-inner-section elementor-element elementor-element-73c3c4f elementor-section-boxed elementor-section-height-default elementor-section-height-default\" data-id=\"73c3c4f\" data-element_type=\"section\">\n\t\t\t\t\t\t<div class=\"elementor-container elementor-column-gap-default\">\n\t\t\t\t\t<div class=\"elementor-column elementor-col-50 elementor-inner-column elementor-element elementor-element-ef61be7\" data-id=\"ef61be7\" data-element_type=\"column\">\n\t\t\t<div class=\"elementor-widget-wrap elementor-element-populated\">\n\t\t\t\t\t\t<div class=\"elementor-element elementor-element-8355a48 elementor-widget elementor-widget-heading\" data-id=\"8355a48\" data-element_type=\"widget\" data-widget_type=\"heading.default\">\n\t\t\t\t<div class=\"elementor-widget-container\">\n\t\t\t\t\t<h2 class=\"elementor-heading-title elementor-size-default\">Uluslararas\u0131 Finans Komisyonu (FinaCom) Hakk\u0131nda<\/h2>\t\t\t\t<\/div>\n\t\t\t\t<\/div>\n\t\t\t\t<div class=\"elementor-element elementor-element-6bb9220 elementor-widget elementor-widget-text-editor\" data-id=\"6bb9220\" data-element_type=\"widget\" data-widget_type=\"text-editor.default\">\n\t\t\t\t<div class=\"elementor-widget-container\">\n\t\t\t\t\t\t\t\t\t<p>Uluslararas\u0131 Finans Komisyonu, bireysel yat\u0131r\u0131mc\u0131lar\u0131n \u00e7\u0131karlar\u0131n\u0131 korumak i\u00e7in kurulmu\u015f alternatif bir uyu\u015fmazl\u0131k \u00e7\u00f6z\u00fcm merkezidir. \u015eeffafl\u0131\u011f\u0131, d\u00fcr\u00fcstl\u00fc\u011f\u00fc ve m\u00fc\u015fteri e\u011fitimini te\u015fvik eder.<\/p><p>FinaCom \u00fcyeli\u011fi, bu ilkelere s\u00fcrekli ve sadakatle ba\u011fl\u0131 kalan \u015firketler i\u00e7in ayr\u0131lm\u0131\u015f bir onurdur. Olymptrade 22 \u015eubat 2016 tarihinde Komisyon'a kat\u0131lm\u0131\u015ft\u0131r.<\/p>\t\t\t\t\t\t\t\t<\/div>\n\t\t\t\t<\/div>\n\t\t\t\t\t<\/div>\n\t\t<\/div>\n\t\t\t\t<div class=\"elementor-column elementor-col-50 elementor-inner-column elementor-element elementor-element-ee9d2df\" data-id=\"ee9d2df\" data-element_type=\"column\">\n\t\t\t<div class=\"elementor-widget-wrap elementor-element-populated\">\n\t\t\t\t\t\t<div class=\"elementor-element elementor-element-d9fa17b elementor-widget elementor-widget-heading\" data-id=\"d9fa17b\" data-element_type=\"widget\" data-widget_type=\"heading.default\">\n\t\t\t\t<div class=\"elementor-widget-container\">\n\t\t\t\t\t<h2 class=\"elementor-heading-title elementor-size-default\">Vanuatu Finansal Piyasalar Birli\u011fi Hakk\u0131nda<\/h2>\t\t\t\t<\/div>\n\t\t\t\t<\/div>\n\t\t\t\t<div class=\"elementor-element elementor-element-5235f91 elementor-widget elementor-widget-text-editor\" data-id=\"5235f91\" data-element_type=\"widget\" data-widget_type=\"text-editor.default\">\n\t\t\t\t<div class=\"elementor-widget-container\">\n\t\t\t\t\t\t\t\t\t<p>Vanuatu'daki Finansal Piyasalar Birli\u011fi, Vanuatu Finansal Sat\u0131c\u0131 Lisans\u0131 sahipleri i\u00e7in \u00f6z d\u00fczenleyici bir kurumdur.<\/p>\t\t\t\t\t\t\t\t<\/div>\n\t\t\t\t<\/div>\n\t\t\t\t\t<\/div>\n\t\t<\/div>\n\t\t\t\t\t<\/div>\n\t\t<\/section>\n\t\t\t\t<section class=\"elementor-section elementor-inner-section elementor-element elementor-element-bcfad53 elementor-section-boxed elementor-section-height-default elementor-section-height-default\" data-id=\"bcfad53\" data-element_type=\"section\">\n\t\t\t\t\t\t<div class=\"elementor-container elementor-column-gap-default\">\n\t\t\t\t\t<div class=\"elementor-column elementor-col-50 elementor-inner-column elementor-element elementor-element-2a9d9d0\" data-id=\"2a9d9d0\" data-element_type=\"column\">\n\t\t\t<div class=\"elementor-widget-wrap elementor-element-populated\">\n\t\t\t\t\t\t<div class=\"elementor-element elementor-element-1a0c715 ui-e-icon-left ui-e-left elementor-align-left elementor-widget elementor-widget-uicore-icon-list\" data-id=\"1a0c715\" data-element_type=\"widget\" data-widget_type=\"uicore-icon-list.default\">\n\t\t\t\t<div class=\"elementor-widget-container\">\n\t\t\t\t\t        <ul>\n                            <li >\n\n                    <div class=\"ui-e-wrap\">\n                    \n                    \n                    <div class=\"ui-e-content\">\n                        <span class=\"ui-e-title\">\n                            Hukuki Yard\u0131m                        <\/span>\n                        <p class=\"ui-e-text\"> Olymptrade m\u00fc\u015fterileri, komisyoncu ile ya\u015fayabilecekleri herhangi bir anla\u015fmazl\u0131kta \u00fccretsiz hukuki yard\u0131m alma hakk\u0131na sahiptir. <\/p>\n                    <\/div>\n\n                    \n                    <\/div>\n                <\/li>\n                            <li >\n\n                    <div class=\"ui-e-wrap\">\n                    \n                    \n                    <div class=\"ui-e-content\">\n                        <span class=\"ui-e-title\">\n                            Tazminat                        <\/span>\n                        <p class=\"ui-e-text\"> Broker taraf\u0131ndan herhangi bir yanl\u0131\u015fl\u0131\u011f\u0131n kan\u0131tlanmas\u0131 durumunda, bir t\u00fcccar 20.000 \u20ac 'ya kadar tazminat almaya hak kazan\u0131r. <\/p>\n                    <\/div>\n\n                    \n                    <\/div>\n                <\/li>\n                    <\/ul>\n\t\t\t\t<\/div>\n\t\t\t\t<\/div>\n\t\t\t\t\t<\/div>\n\t\t<\/div>\n\t\t\t\t<div class=\"elementor-column elementor-col-50 elementor-inner-column elementor-element elementor-element-3e574d0\" data-id=\"3e574d0\" data-element_type=\"column\">\n\t\t\t<div class=\"elementor-widget-wrap elementor-element-populated\">\n\t\t\t\t\t\t<div class=\"elementor-element elementor-element-42645f7 ui-e-icon-left ui-e-left elementor-align-left elementor-widget elementor-widget-uicore-icon-list\" data-id=\"42645f7\" data-element_type=\"widget\" data-widget_type=\"uicore-icon-list.default\">\n\t\t\t\t<div class=\"elementor-widget-container\">\n\t\t\t\t\t        <ul>\n                            <li >\n\n                    <div class=\"ui-e-wrap\">\n                    \n                    \n                    <div class=\"ui-e-content\">\n                        <span class=\"ui-e-title\">\n                            Do\u011frulanabilir Al\u0131nt\u0131lar                        <\/span>\n                        <p class=\"ui-e-text\"> Olymptrade platformunda belirtilen t\u00fcm piyasa fiyatlar\u0131 \u00fc\u00e7\u00fcnc\u00fc taraflarca do\u011frulanm\u0131\u015ft\u0131r. Verilere her zaman eri\u015filebilir, b\u00f6ylece t\u00fcccar en iyi ticaret uygulamas\u0131n\u0131 elde ettiklerinden emin olabilir. <\/p>\n                    <\/div>\n\n                    \n                    <\/div>\n                <\/li>\n                    <\/ul>\n\t\t\t\t<\/div>\n\t\t\t\t<\/div>\n\t\t\t\t<div class=\"elementor-element elementor-element-60ee641 elementor-widget elementor-widget-image\" data-id=\"60ee641\" data-element_type=\"widget\" data-widget_type=\"image.default\">\n\t\t\t\t<div class=\"elementor-widget-container\">\n\t\t\t\t\t\t\t\t\t\t\t\t\t\t\t<img decoding=\"async\" width=\"258\" height=\"57\" src=\"https:\/\/olymptrade.ai\/wp-content\/uploads\/2025\/02\/regulation_verify.png\" class=\"attachment-large size-large wp-image-1338\" alt=\"\" srcset=\"https:\/\/olymptrade.ai\/wp-content\/uploads\/2025\/02\/regulation_verify.png 258w, https:\/\/olymptrade.ai\/wp-content\/uploads\/2025\/02\/regulation_verify-18x4.png 18w\" sizes=\"(max-width: 258px) 100vw, 258px\" \/>\t\t\t\t\t\t\t\t\t\t\t\t\t\t\t<\/div>\n\t\t\t\t<\/div>\n\t\t\t\t\t<\/div>\n\t\t<\/div>\n\t\t\t\t\t<\/div>\n\t\t<\/section>\n\t\t\t\t\t<\/div>\n\t\t<\/div>\n\t\t\t\t\t<\/div>\n\t\t<\/section>\n\t\t\t\t<\/div>","protected":false},"excerpt":{"rendered":"<p>Our Guarantees Olymptrade is a licensed and regulated broker by the Vanuatu Financial Services Commission. Olymptrade is committed to providing the highest quality of service. Our clients are covered by deposit insurance and have access to comprehensive support and prompt resolution of any issues concerning their financial interactions with Olymptrade. Financial Dealer License About the&#8230;<\/p>","protected":false},"author":1,"featured_media":0,"parent":0,"menu_order":0,"comment_status":"closed","ping_status":"open","template":"","meta":{"_kad_post_transparent":"","_kad_post_title":"hide","_kad_post_layout":"fullwidth","_kad_post_sidebar_id":"","_kad_post_content_style":"unboxed","_kad_post_vertical_padding":"hide","_kad_post_feature":"hide","_kad_post_feature_position":"","_kad_post_header":false,"_kad_post_footer":false,"footnotes":""},"class_list":["post-1331","page","type-page","status-publish","hentry"],"yoast_head":"<!-- This site is optimized with the Yoast SEO plugin v26.0 - https:\/\/yoast.com\/wordpress\/plugins\/seo\/ -->\n<title>Regulation - Olymp Trade<\/title>\n<meta name=\"description\" content=\"Olymptrade is a licensed and regulated broker by the Vanuatu Financial Services Commission. Olymptrade is committed to providing the highest quality of ...\" \/>\n<meta name=\"robots\" content=\"index, follow, max-snippet:-1, max-image-preview:large, max-video-preview:-1\" \/>\n<link rel=\"canonical\" href=\"https:\/\/olymptrade.ai\/tr\/duzenleme\/\" \/>\n<meta property=\"og:locale\" content=\"tr_TR\" \/>\n<meta property=\"og:type\" content=\"article\" \/>\n<meta property=\"og:title\" content=\"Regulation - Olymp Trade\" \/>\n<meta property=\"og:description\" content=\"Olymptrade is a licensed and regulated broker by the Vanuatu Financial Services Commission. Olymptrade is committed to providing the highest quality of ...\" \/>\n<meta property=\"og:url\" content=\"https:\/\/olymptrade.ai\/tr\/duzenleme\/\" \/>\n<meta property=\"og:site_name\" content=\"Olymp Trade\" \/>\n<meta property=\"article:publisher\" content=\"https:\/\/www.facebook.com\/olymptradecom\/\" \/>\n<meta property=\"article:modified_time\" content=\"2025-06-26T03:45:23+00:00\" \/>\n<meta property=\"og:image\" content=\"https:\/\/olymptrade.ai\/wp-content\/uploads\/2025\/02\/licen.jpg\" \/>\n\t<meta property=\"og:image:width\" content=\"781\" \/>\n\t<meta property=\"og:image:height\" content=\"1280\" \/>\n\t<meta property=\"og:image:type\" content=\"image\/jpeg\" \/>\n<meta name=\"twitter:card\" content=\"summary_large_image\" \/>\n<meta name=\"twitter:label1\" content=\"Tahmini okuma s\u00fcresi\" \/>\n\t<meta name=\"twitter:data1\" content=\"2 dakika\" \/>\n<script type=\"application\/ld+json\" class=\"yoast-schema-graph\">{\"@context\":\"https:\/\/schema.org\",\"@graph\":[{\"@type\":\"WebPage\",\"@id\":\"https:\/\/olymptrade.ai\/regulation\/\",\"url\":\"https:\/\/olymptrade.ai\/regulation\/\",\"name\":\"Regulation - Olymp Trade\",\"isPartOf\":{\"@id\":\"https:\/\/olymptrade.ai\/#website\"},\"primaryImageOfPage\":{\"@id\":\"https:\/\/olymptrade.ai\/regulation\/#primaryimage\"},\"image\":{\"@id\":\"https:\/\/olymptrade.ai\/regulation\/#primaryimage\"},\"thumbnailUrl\":\"https:\/\/olymptrade.ai\/wp-content\/uploads\/2025\/02\/licen-625x1024.jpg\",\"datePublished\":\"2025-02-10T13:57:09+00:00\",\"dateModified\":\"2025-06-26T03:45:23+00:00\",\"description\":\"Olymptrade is a licensed and regulated broker by the Vanuatu Financial Services Commission. Olymptrade is committed to providing the highest quality of ...\",\"breadcrumb\":{\"@id\":\"https:\/\/olymptrade.ai\/regulation\/#breadcrumb\"},\"inLanguage\":\"tr\",\"potentialAction\":[{\"@type\":\"ReadAction\",\"target\":[\"https:\/\/olymptrade.ai\/regulation\/\"]}]},{\"@type\":\"ImageObject\",\"inLanguage\":\"tr\",\"@id\":\"https:\/\/olymptrade.ai\/regulation\/#primaryimage\",\"url\":\"https:\/\/olymptrade.ai\/wp-content\/uploads\/2025\/02\/licen-625x1024.jpg\",\"contentUrl\":\"https:\/\/olymptrade.ai\/wp-content\/uploads\/2025\/02\/licen-625x1024.jpg\"},{\"@type\":\"BreadcrumbList\",\"@id\":\"https:\/\/olymptrade.ai\/regulation\/#breadcrumb\",\"itemListElement\":[{\"@type\":\"ListItem\",\"position\":1,\"name\":\"Home\",\"item\":\"https:\/\/olymptrade.ai\/\"},{\"@type\":\"ListItem\",\"position\":2,\"name\":\"Regulation\"}]},{\"@type\":\"WebSite\",\"@id\":\"https:\/\/olymptrade.ai\/#website\",\"url\":\"https:\/\/olymptrade.ai\/\",\"name\":\"Olymptrade\",\"description\":\"Invest in Your Favorite Markets with Olymptrade\",\"publisher\":{\"@id\":\"https:\/\/olymptrade.ai\/#organization\"},\"potentialAction\":[{\"@type\":\"SearchAction\",\"target\":{\"@type\":\"EntryPoint\",\"urlTemplate\":\"https:\/\/olymptrade.ai\/?s={search_term_string}\"},\"query-input\":{\"@type\":\"PropertyValueSpecification\",\"valueRequired\":true,\"valueName\":\"search_term_string\"}}],\"inLanguage\":\"tr\"},{\"@type\":\"Organization\",\"@id\":\"https:\/\/olymptrade.ai\/#organization\",\"name\":\"Olymptrade\",\"url\":\"https:\/\/olymptrade.ai\/\",\"logo\":{\"@type\":\"ImageObject\",\"inLanguage\":\"tr\",\"@id\":\"https:\/\/olymptrade.ai\/#\/schema\/logo\/image\/\",\"url\":\"https:\/\/olymptrade.ai\/wp-content\/uploads\/2025\/02\/logo_olymp_trade_trading.png\",\"contentUrl\":\"https:\/\/olymptrade.ai\/wp-content\/uploads\/2025\/02\/logo_olymp_trade_trading.png\",\"width\":512,\"height\":512,\"caption\":\"Olymptrade\"},\"image\":{\"@id\":\"https:\/\/olymptrade.ai\/#\/schema\/logo\/image\/\"},\"sameAs\":[\"https:\/\/www.facebook.com\/olymptradecom\/\"]}]}<\/script>\n<!-- \/ Yoast SEO plugin. -->","yoast_head_json":{"title":"D\u00fczenleme - Olymp Trade","description":"Olymptrade, Vanuatu Finansal Hizmetler Komisyonu taraf\u0131ndan lisansl\u0131 ve d\u00fczenlenmi\u015f bir komisyoncudur. Olymptrade en y\u00fcksek kalitede hizmet sunmay\u0131 taahh\u00fct eder ...","robots":{"index":"index","follow":"follow","max-snippet":"max-snippet:-1","max-image-preview":"max-image-preview:large","max-video-preview":"max-video-preview:-1"},"canonical":"https:\/\/olymptrade.ai\/tr\/duzenleme\/","og_locale":"tr_TR","og_type":"article","og_title":"Regulation - Olymp Trade","og_description":"Olymptrade is a licensed and regulated broker by the Vanuatu Financial Services Commission. Olymptrade is committed to providing the highest quality of ...","og_url":"https:\/\/olymptrade.ai\/tr\/duzenleme\/","og_site_name":"Olymp Trade","article_publisher":"https:\/\/www.facebook.com\/olymptradecom\/","article_modified_time":"2025-06-26T03:45:23+00:00","og_image":[{"width":781,"height":1280,"url":"https:\/\/olymptrade.ai\/wp-content\/uploads\/2025\/02\/licen.jpg","type":"image\/jpeg"}],"twitter_card":"summary_large_image","twitter_misc":{"Tahmini okuma s\u00fcresi":"2 dakika"},"schema":{"@context":"https:\/\/schema.org","@graph":[{"@type":"WebPage","@id":"https:\/\/olymptrade.ai\/regulation\/","url":"https:\/\/olymptrade.ai\/regulation\/","name":"D\u00fczenleme - Olymp Trade","isPartOf":{"@id":"https:\/\/olymptrade.ai\/#website"},"primaryImageOfPage":{"@id":"https:\/\/olymptrade.ai\/regulation\/#primaryimage"},"image":{"@id":"https:\/\/olymptrade.ai\/regulation\/#primaryimage"},"thumbnailUrl":"https:\/\/olymptrade.ai\/wp-content\/uploads\/2025\/02\/licen-625x1024.jpg","datePublished":"2025-02-10T13:57:09+00:00","dateModified":"2025-06-26T03:45:23+00:00","description":"Olymptrade, Vanuatu Finansal Hizmetler Komisyonu taraf\u0131ndan lisansl\u0131 ve d\u00fczenlenmi\u015f bir komisyoncudur. Olymptrade en y\u00fcksek kalitede hizmet sunmay\u0131 taahh\u00fct eder ...","breadcrumb":{"@id":"https:\/\/olymptrade.ai\/regulation\/#breadcrumb"},"inLanguage":"tr","potentialAction":[{"@type":"ReadAction","target":["https:\/\/olymptrade.ai\/regulation\/"]}]},{"@type":"ImageObject","inLanguage":"tr","@id":"https:\/\/olymptrade.ai\/regulation\/#primaryimage","url":"https:\/\/olymptrade.ai\/wp-content\/uploads\/2025\/02\/licen-625x1024.jpg","contentUrl":"https:\/\/olymptrade.ai\/wp-content\/uploads\/2025\/02\/licen-625x1024.jpg"},{"@type":"BreadcrumbList","@id":"https:\/\/olymptrade.ai\/regulation\/#breadcrumb","itemListElement":[{"@type":"ListItem","position":1,"name":"Home","item":"https:\/\/olymptrade.ai\/"},{"@type":"ListItem","position":2,"name":"Regulation"}]},{"@type":"WebSite","@id":"https:\/\/olymptrade.ai\/#website","url":"https:\/\/olymptrade.ai\/","name":"Olymptrade","description":"Olymptrade ile Favori Piyasalar\u0131n\u0131za Yat\u0131r\u0131m Yap\u0131n","publisher":{"@id":"https:\/\/olymptrade.ai\/#organization"},"potentialAction":[{"@type":"SearchAction","target":{"@type":"EntryPoint","urlTemplate":"https:\/\/olymptrade.ai\/?s={search_term_string}"},"query-input":{"@type":"PropertyValueSpecification","valueRequired":true,"valueName":"search_term_string"}}],"inLanguage":"tr"},{"@type":"Organization","@id":"https:\/\/olymptrade.ai\/#organization","name":"Olymptrade","url":"https:\/\/olymptrade.ai\/","logo":{"@type":"ImageObject","inLanguage":"tr","@id":"https:\/\/olymptrade.ai\/#\/schema\/logo\/image\/","url":"https:\/\/olymptrade.ai\/wp-content\/uploads\/2025\/02\/logo_olymp_trade_trading.png","contentUrl":"https:\/\/olymptrade.ai\/wp-content\/uploads\/2025\/02\/logo_olymp_trade_trading.png","width":512,"height":512,"caption":"Olymptrade"},"image":{"@id":"https:\/\/olymptrade.ai\/#\/schema\/logo\/image\/"},"sameAs":["https:\/\/www.facebook.com\/olymptradecom\/"]}]}},"_links":{"self":[{"href":"https:\/\/olymptrade.ai\/tr\/wp-json\/wp\/v2\/pages\/1331","targetHints":{"allow":["GET"]}}],"collection":[{"href":"https:\/\/olymptrade.ai\/tr\/wp-json\/wp\/v2\/pages"}],"about":[{"href":"https:\/\/olymptrade.ai\/tr\/wp-json\/wp\/v2\/types\/page"}],"author":[{"embeddable":true,"href":"https:\/\/olymptrade.ai\/tr\/wp-json\/wp\/v2\/users\/1"}],"replies":[{"embeddable":true,"href":"https:\/\/olymptrade.ai\/tr\/wp-json\/wp\/v2\/comments?post=1331"}],"version-history":[{"count":0,"href":"https:\/\/olymptrade.ai\/tr\/wp-json\/wp\/v2\/pages\/1331\/revisions"}],"wp:attachment":[{"href":"https:\/\/olymptrade.ai\/tr\/wp-json\/wp\/v2\/media?parent=1331"}],"curies":[{"name":"wp","href":"https:\/\/api.w.org\/{rel}","templated":true}]}}