{"id":1187,"date":"2025-02-08T03:08:43","date_gmt":"2025-02-08T03:08:43","guid":{"rendered":"https:\/\/olymptrade.ai\/?page_id=1187"},"modified":"2025-06-26T03:30:26","modified_gmt":"2025-06-26T03:30:26","slug":"awards","status":"publish","type":"page","link":"https:\/\/olymptrade.ai\/tr\/oduller\/","title":{"rendered":"\u00d6d\u00fcller"},"content":{"rendered":"<div data-elementor-type=\"wp-page\" data-elementor-id=\"1187\" class=\"elementor elementor-1187\">\n\t\t\t\t\t\t<section class=\"elementor-section elementor-top-section elementor-element elementor-element-a800dfc elementor-section-boxed elementor-section-height-default elementor-section-height-default\" data-id=\"a800dfc\" data-element_type=\"section\">\n\t\t\t\t\t\t<div class=\"elementor-container elementor-column-gap-default\">\n\t\t\t\t\t<div class=\"elementor-column elementor-col-100 elementor-top-column elementor-element elementor-element-be99458\" data-id=\"be99458\" data-element_type=\"column\">\n\t\t\t<div class=\"elementor-widget-wrap elementor-element-populated\">\n\t\t\t\t\t\t<section class=\"elementor-section elementor-inner-section elementor-element elementor-element-b69a6c5 elementor-section-boxed elementor-section-height-default elementor-section-height-default\" data-id=\"b69a6c5\" data-element_type=\"section\">\n\t\t\t\t\t\t<div class=\"elementor-container elementor-column-gap-default\">\n\t\t\t\t\t<div class=\"elementor-column elementor-col-50 elementor-inner-column elementor-element elementor-element-d367a86\" data-id=\"d367a86\" data-element_type=\"column\">\n\t\t\t<div class=\"elementor-widget-wrap elementor-element-populated\">\n\t\t\t\t\t\t<div class=\"elementor-element elementor-element-457d0a5 elementor-widget elementor-widget-heading\" data-id=\"457d0a5\" data-element_type=\"widget\" data-widget_type=\"heading.default\">\n\t\t\t\t<div class=\"elementor-widget-container\">\n\t\t\t\t\t<h1 class=\"elementor-heading-title elementor-size-default\">\u00d6d\u00fcll\u00fc platform<\/h1>\t\t\t\t<\/div>\n\t\t\t\t<\/div>\n\t\t\t\t<div class=\"elementor-element elementor-element-8ce420d elementor-widget elementor-widget-text-editor\" data-id=\"8ce420d\" data-element_type=\"widget\" data-widget_type=\"text-editor.default\">\n\t\t\t\t<div class=\"elementor-widget-container\">\n\t\t\t\t\t\t\t\t\t<p>Olymptrade'de s\u00fcrekli olarak yat\u0131r\u0131mc\u0131lar\u0131m\u0131z\u0131n deneyimini iyile\u015ftirmek i\u00e7in \u00e7al\u0131\u015f\u0131yoruz ve sonu\u00e7 olarak, y\u0131llar i\u00e7inde uluslararas\u0131 broker ve finans kurulu\u015flar\u0131ndan bir\u00e7ok \u00f6d\u00fcl ald\u0131k. A\u015fa\u011f\u0131daki \u00f6d\u00fcller, d\u00fcnya \u00e7ap\u0131nda milyonlarca yat\u0131r\u0131mc\u0131n\u0131n ticaret ve yat\u0131r\u0131m yapmak i\u00e7in platformumuza g\u00fcvenmesinin nedenlerinden sadece birka\u00e7\u0131d\u0131r.<\/p>\t\t\t\t\t\t\t\t<\/div>\n\t\t\t\t<\/div>\n\t\t\t\t\t<\/div>\n\t\t<\/div>\n\t\t\t\t<div class=\"elementor-column elementor-col-50 elementor-inner-column elementor-element elementor-element-eb4546d\" data-id=\"eb4546d\" data-element_type=\"column\">\n\t\t\t<div class=\"elementor-widget-wrap elementor-element-populated\">\n\t\t\t\t\t\t<div class=\"elementor-element elementor-element-76a7e68 elementor-widget elementor-widget-image\" data-id=\"76a7e68\" data-element_type=\"widget\" data-widget_type=\"image.default\">\n\t\t\t\t<div class=\"elementor-widget-container\">\n\t\t\t\t\t\t\t\t\t\t\t\t\t\t\t<img fetchpriority=\"high\" decoding=\"async\" width=\"613\" height=\"552\" src=\"https:\/\/olymptrade.ai\/wp-content\/uploads\/2025\/02\/awards_page_bg_600.png\" class=\"attachment-large size-large wp-image-1190\" alt=\"\u00f6d\u00fcller\" srcset=\"https:\/\/olymptrade.ai\/wp-content\/uploads\/2025\/02\/awards_page_bg_600.png 613w, https:\/\/olymptrade.ai\/wp-content\/uploads\/2025\/02\/awards_page_bg_600-300x270.png 300w, https:\/\/olymptrade.ai\/wp-content\/uploads\/2025\/02\/awards_page_bg_600-13x12.png 13w\" sizes=\"(max-width: 613px) 100vw, 613px\" \/>\t\t\t\t\t\t\t\t\t\t\t\t\t\t\t<\/div>\n\t\t\t\t<\/div>\n\t\t\t\t\t<\/div>\n\t\t<\/div>\n\t\t\t\t\t<\/div>\n\t\t<\/section>\n\t\t\t\t\t<\/div>\n\t\t<\/div>\n\t\t\t\t\t<\/div>\n\t\t<\/section>\n\t\t\t\t<section class=\"elementor-section elementor-top-section elementor-element elementor-element-b41dcd6 elementor-section-boxed elementor-section-height-default elementor-section-height-default\" data-id=\"b41dcd6\" data-element_type=\"section\">\n\t\t\t\t\t\t<div class=\"elementor-container elementor-column-gap-default\">\n\t\t\t\t\t<div class=\"elementor-column elementor-col-100 elementor-top-column elementor-element elementor-element-76a9b92\" data-id=\"76a9b92\" data-element_type=\"column\">\n\t\t\t<div class=\"elementor-widget-wrap elementor-element-populated\">\n\t\t\t\t\t\t<div class=\"elementor-element elementor-element-39661e8 elementor-tabs-alignment-stretch elementor-tabs-view-horizontal elementor-widget elementor-widget-tabs\" data-id=\"39661e8\" data-element_type=\"widget\" data-widget_type=\"tabs.default\">\n\t\t\t\t<div class=\"elementor-widget-container\">\n\t\t\t\t\t\t\t<div class=\"elementor-tabs\">\n\t\t\t<div class=\"elementor-tabs-wrapper\" role=\"tablist\" >\n\t\t\t\t\t\t\t\t\t<div id=\"elementor-tab-title-6011\" class=\"elementor-tab-title elementor-tab-desktop-title\" aria-selected=\"true\" data-tab=\"1\" role=\"tab\" tabindex=\"0\" aria-controls=\"elementor-tab-content-6011\" aria-expanded=\"false\">2023<\/div>\n\t\t\t\t\t\t\t\t\t<div id=\"elementor-tab-title-6012\" class=\"elementor-tab-title elementor-tab-desktop-title\" aria-selected=\"false\" data-tab=\"2\" role=\"tab\" tabindex=\"-1\" aria-controls=\"elementor-tab-content-6012\" aria-expanded=\"false\">2021<\/div>\n\t\t\t\t\t\t\t\t\t<div id=\"elementor-tab-title-6013\" class=\"elementor-tab-title elementor-tab-desktop-title\" aria-selected=\"false\" data-tab=\"3\" role=\"tab\" tabindex=\"-1\" aria-controls=\"elementor-tab-content-6013\" aria-expanded=\"false\">2020<\/div>\n\t\t\t\t\t\t\t\t\t<div id=\"elementor-tab-title-6014\" class=\"elementor-tab-title elementor-tab-desktop-title\" aria-selected=\"false\" data-tab=\"4\" role=\"tab\" tabindex=\"-1\" aria-controls=\"elementor-tab-content-6014\" aria-expanded=\"false\">2019<\/div>\n\t\t\t\t\t\t\t\t\t<div id=\"elementor-tab-title-6015\" class=\"elementor-tab-title elementor-tab-desktop-title\" aria-selected=\"false\" data-tab=\"5\" role=\"tab\" tabindex=\"-1\" aria-controls=\"elementor-tab-content-6015\" aria-expanded=\"false\">2018<\/div>\n\t\t\t\t\t\t\t\t\t<div id=\"elementor-tab-title-6016\" class=\"elementor-tab-title elementor-tab-desktop-title\" aria-selected=\"false\" data-tab=\"6\" role=\"tab\" tabindex=\"-1\" aria-controls=\"elementor-tab-content-6016\" aria-expanded=\"false\">2017<\/div>\n\t\t\t\t\t\t\t\t\t<div id=\"elementor-tab-title-6017\" class=\"elementor-tab-title elementor-tab-desktop-title\" aria-selected=\"false\" data-tab=\"7\" role=\"tab\" tabindex=\"-1\" aria-controls=\"elementor-tab-content-6017\" aria-expanded=\"false\">2016<\/div>\n\t\t\t\t\t\t\t<\/div>\n\t\t\t<div class=\"elementor-tabs-content-wrapper\" role=\"tablist\" aria-orientation=\"vertical\">\n\t\t\t\t\t\t\t\t\t<div class=\"elementor-tab-title elementor-tab-mobile-title\" aria-selected=\"true\" data-tab=\"1\" role=\"tab\" tabindex=\"0\" aria-controls=\"elementor-tab-content-6011\" aria-expanded=\"false\">2023<\/div>\n\t\t\t\t\t<div id=\"elementor-tab-content-6011\" class=\"elementor-tab-content elementor-clearfix\" data-tab=\"1\" role=\"tabpanel\" aria-labelledby=\"elementor-tab-title-6011\" tabindex=\"0\" hidden=\"false\"><p><strong>En \u015eeffaf Broker <\/strong>D\u00fcnya Finans<br \/>Dergi, 2023<\/p><\/div>\n\t\t\t\t\t\t\t\t\t<div class=\"elementor-tab-title elementor-tab-mobile-title\" aria-selected=\"false\" data-tab=\"2\" role=\"tab\" tabindex=\"-1\" aria-controls=\"elementor-tab-content-6012\" aria-expanded=\"false\">2021<\/div>\n\t\t\t\t\t<div id=\"elementor-tab-content-6012\" class=\"elementor-tab-content elementor-clearfix\" data-tab=\"2\" role=\"tabpanel\" aria-labelledby=\"elementor-tab-title-6012\" tabindex=\"0\" hidden=\"hidden\"><p><strong>En \u0130yi Mobil Ticaret Platformu <\/strong>D\u00fcnya Finans \u00d6d\u00fcl\u00fc,<br \/>2021<\/p><p><strong>En \u0130yi Yat\u0131r\u0131m Brokeri <\/strong>Forex Brokerleri \u00d6d\u00fcl\u00fc,<br \/>2021<\/p><\/div>\n\t\t\t\t\t\t\t\t\t<div class=\"elementor-tab-title elementor-tab-mobile-title\" aria-selected=\"false\" data-tab=\"3\" role=\"tab\" tabindex=\"-1\" aria-controls=\"elementor-tab-content-6013\" aria-expanded=\"false\">2020<\/div>\n\t\t\t\t\t<div id=\"elementor-tab-content-6013\" class=\"elementor-tab-content elementor-clearfix\" data-tab=\"3\" role=\"tabpanel\" aria-labelledby=\"elementor-tab-title-6013\" tabindex=\"0\" hidden=\"hidden\"><p><strong>En \u0130yi Ticaret Platformu <\/strong>Dubai Forex Fuar\u0131,<br \/>2020<\/p><\/div>\n\t\t\t\t\t\t\t\t\t<div class=\"elementor-tab-title elementor-tab-mobile-title\" aria-selected=\"false\" data-tab=\"4\" role=\"tab\" tabindex=\"-1\" aria-controls=\"elementor-tab-content-6014\" aria-expanded=\"false\">2019<\/div>\n\t\t\t\t\t<div id=\"elementor-tab-content-6014\" class=\"elementor-tab-content elementor-clearfix\" data-tab=\"4\" role=\"tabpanel\" aria-labelledby=\"elementor-tab-title-6014\" tabindex=\"0\" hidden=\"hidden\"><p><strong>Filipinler'deki En \u0130yi Broker <\/strong>T\u00fcccarlar Fuar\u0131,<br \/>2019<\/p><\/div>\n\t\t\t\t\t\t\t\t\t<div class=\"elementor-tab-title elementor-tab-mobile-title\" aria-selected=\"false\" data-tab=\"5\" role=\"tab\" tabindex=\"-1\" aria-controls=\"elementor-tab-content-6015\" aria-expanded=\"false\">2018<\/div>\n\t\t\t\t\t<div id=\"elementor-tab-content-6015\" class=\"elementor-tab-content elementor-clearfix\" data-tab=\"5\" role=\"tabpanel\" aria-labelledby=\"elementor-tab-title-6015\" tabindex=\"0\" hidden=\"hidden\"><p><strong>Asya'daki en iyi ticaret platformu (Forex) <\/strong>IAIR\/Le Fonti \u00d6d\u00fclleri,<br \/>2018<\/p><p><strong>En \u0130yi Ticaret Platformu <\/strong>TheForeX \u00d6d\u00fclleri,<br \/>2018<\/p><\/div>\n\t\t\t\t\t\t\t\t\t<div class=\"elementor-tab-title elementor-tab-mobile-title\" aria-selected=\"false\" data-tab=\"6\" role=\"tab\" tabindex=\"-1\" aria-controls=\"elementor-tab-content-6016\" aria-expanded=\"false\">2017<\/div>\n\t\t\t\t\t<div id=\"elementor-tab-content-6016\" class=\"elementor-tab-content elementor-clearfix\" data-tab=\"6\" role=\"tabpanel\" aria-labelledby=\"elementor-tab-title-6016\" tabindex=\"0\" hidden=\"hidden\"><p><strong>Yenilik\u00e7i Broker <\/strong>IAFT \u00d6d\u00fclleri, 2017<\/p><p><strong>En \u0130yi Finansal Broker <\/strong>CPA Ya\u015fam \u00d6d\u00fclleri,<br \/>2017<\/p><\/div>\n\t\t\t\t\t\t\t\t\t<div class=\"elementor-tab-title elementor-tab-mobile-title\" aria-selected=\"false\" data-tab=\"7\" role=\"tab\" tabindex=\"-1\" aria-controls=\"elementor-tab-content-6017\" aria-expanded=\"false\">2016<\/div>\n\t\t\t\t\t<div id=\"elementor-tab-content-6017\" class=\"elementor-tab-content elementor-clearfix\" data-tab=\"7\" role=\"tabpanel\" aria-labelledby=\"elementor-tab-title-6017\" tabindex=\"0\" hidden=\"hidden\"><p><strong>En H\u0131zl\u0131 B\u00fcy\u00fcyen Broker<\/strong> ShowFx D\u00fcnyas\u0131, 2016<\/p><\/div>\n\t\t\t\t\t\t\t<\/div>\n\t\t<\/div>\n\t\t\t\t\t\t<\/div>\n\t\t\t\t<\/div>\n\t\t\t\t\t<\/div>\n\t\t<\/div>\n\t\t\t\t\t<\/div>\n\t\t<\/section>\n\t\t\t\t<\/div>","protected":false},"excerpt":{"rendered":"<p>Award-winning platform We at Olymptrade constantly strive to improve our traders&#8217; experience, and as a result, we have received multiple awards over the years from international broker and finance organizations. The awards below are just some of the reasons why millions of traders worldwide trust our platform to trade and invest on. 2023 2021 2020&#8230;<\/p>","protected":false},"author":1,"featured_media":0,"parent":0,"menu_order":0,"comment_status":"closed","ping_status":"open","template":"","meta":{"_kad_post_transparent":"","_kad_post_title":"hide","_kad_post_layout":"fullwidth","_kad_post_sidebar_id":"","_kad_post_content_style":"unboxed","_kad_post_vertical_padding":"hide","_kad_post_feature":"hide","_kad_post_feature_position":"","_kad_post_header":false,"_kad_post_footer":false,"footnotes":""},"class_list":["post-1187","page","type-page","status-publish","hentry"],"yoast_head":"<!-- This site is optimized with the Yoast SEO plugin v26.0 - https:\/\/yoast.com\/wordpress\/plugins\/seo\/ -->\n<title>Awards - Olymp Trade<\/title>\n<meta name=\"description\" content=\"Online trading with the multi-award-winning broker Olymptrade \u2013 Enjoy the most reliable Forex trading experience and best customer service.\" \/>\n<meta name=\"robots\" content=\"index, follow, max-snippet:-1, max-image-preview:large, max-video-preview:-1\" \/>\n<link rel=\"canonical\" href=\"https:\/\/olymptrade.ai\/tr\/oduller\/\" \/>\n<meta property=\"og:locale\" content=\"tr_TR\" \/>\n<meta property=\"og:type\" content=\"article\" \/>\n<meta property=\"og:title\" content=\"Awards - Olymp Trade\" \/>\n<meta property=\"og:description\" content=\"Online trading with the multi-award-winning broker Olymptrade \u2013 Enjoy the most reliable Forex trading experience and best customer service.\" \/>\n<meta property=\"og:url\" content=\"https:\/\/olymptrade.ai\/tr\/oduller\/\" \/>\n<meta property=\"og:site_name\" content=\"Olymp Trade\" \/>\n<meta property=\"article:publisher\" content=\"https:\/\/www.facebook.com\/olymptradecom\/\" \/>\n<meta property=\"article:modified_time\" content=\"2025-06-26T03:30:26+00:00\" \/>\n<meta property=\"og:image\" content=\"https:\/\/olymptrade.ai\/wp-content\/uploads\/2025\/02\/awards_page_bg_600.png\" \/>\n\t<meta property=\"og:image:width\" content=\"613\" \/>\n\t<meta property=\"og:image:height\" content=\"552\" \/>\n\t<meta property=\"og:image:type\" content=\"image\/png\" \/>\n<meta name=\"twitter:card\" content=\"summary_large_image\" \/>\n<meta name=\"twitter:label1\" content=\"Tahmini okuma s\u00fcresi\" \/>\n\t<meta name=\"twitter:data1\" content=\"1 dakika\" \/>\n<script type=\"application\/ld+json\" class=\"yoast-schema-graph\">{\"@context\":\"https:\/\/schema.org\",\"@graph\":[{\"@type\":[\"WebPage\",\"QAPage\"],\"@id\":\"https:\/\/olymptrade.ai\/awards\/\",\"url\":\"https:\/\/olymptrade.ai\/awards\/\",\"name\":\"Awards - Olymp Trade\",\"isPartOf\":{\"@id\":\"https:\/\/olymptrade.ai\/#website\"},\"primaryImageOfPage\":{\"@id\":\"https:\/\/olymptrade.ai\/awards\/#primaryimage\"},\"image\":{\"@id\":\"https:\/\/olymptrade.ai\/awards\/#primaryimage\"},\"thumbnailUrl\":\"https:\/\/olymptrade.ai\/wp-content\/uploads\/2025\/02\/awards_page_bg_600.png\",\"datePublished\":\"2025-02-08T03:08:43+00:00\",\"dateModified\":\"2025-06-26T03:30:26+00:00\",\"description\":\"Online trading with the multi-award-winning broker Olymptrade \u2013 Enjoy the most reliable Forex trading experience and best customer service.\",\"breadcrumb\":{\"@id\":\"https:\/\/olymptrade.ai\/awards\/#breadcrumb\"},\"inLanguage\":\"tr\",\"potentialAction\":[{\"@type\":\"ReadAction\",\"target\":[\"https:\/\/olymptrade.ai\/awards\/\"]}]},{\"@type\":\"ImageObject\",\"inLanguage\":\"tr\",\"@id\":\"https:\/\/olymptrade.ai\/awards\/#primaryimage\",\"url\":\"https:\/\/olymptrade.ai\/wp-content\/uploads\/2025\/02\/awards_page_bg_600.png\",\"contentUrl\":\"https:\/\/olymptrade.ai\/wp-content\/uploads\/2025\/02\/awards_page_bg_600.png\"},{\"@type\":\"BreadcrumbList\",\"@id\":\"https:\/\/olymptrade.ai\/awards\/#breadcrumb\",\"itemListElement\":[{\"@type\":\"ListItem\",\"position\":1,\"name\":\"Home\",\"item\":\"https:\/\/olymptrade.ai\/\"},{\"@type\":\"ListItem\",\"position\":2,\"name\":\"Awards\"}]},{\"@type\":\"WebSite\",\"@id\":\"https:\/\/olymptrade.ai\/#website\",\"url\":\"https:\/\/olymptrade.ai\/\",\"name\":\"Olymptrade\",\"description\":\"Invest in Your Favorite Markets with Olymptrade\",\"publisher\":{\"@id\":\"https:\/\/olymptrade.ai\/#organization\"},\"potentialAction\":[{\"@type\":\"SearchAction\",\"target\":{\"@type\":\"EntryPoint\",\"urlTemplate\":\"https:\/\/olymptrade.ai\/?s={search_term_string}\"},\"query-input\":{\"@type\":\"PropertyValueSpecification\",\"valueRequired\":true,\"valueName\":\"search_term_string\"}}],\"inLanguage\":\"tr\"},{\"@type\":\"Organization\",\"@id\":\"https:\/\/olymptrade.ai\/#organization\",\"name\":\"Olymptrade\",\"url\":\"https:\/\/olymptrade.ai\/\",\"logo\":{\"@type\":\"ImageObject\",\"inLanguage\":\"tr\",\"@id\":\"https:\/\/olymptrade.ai\/#\/schema\/logo\/image\/\",\"url\":\"https:\/\/olymptrade.ai\/wp-content\/uploads\/2025\/02\/logo_olymp_trade_trading.png\",\"contentUrl\":\"https:\/\/olymptrade.ai\/wp-content\/uploads\/2025\/02\/logo_olymp_trade_trading.png\",\"width\":512,\"height\":512,\"caption\":\"Olymptrade\"},\"image\":{\"@id\":\"https:\/\/olymptrade.ai\/#\/schema\/logo\/image\/\"},\"sameAs\":[\"https:\/\/www.facebook.com\/olymptradecom\/\"]}]}<\/script>\n<!-- \/ Yoast SEO plugin. -->","yoast_head_json":{"title":"\u00d6d\u00fcller - Olymp Trade","description":"\u00c7ok \u00f6d\u00fcll\u00fc broker Olymptrade ile \u00e7evrimi\u00e7i ticaret - En g\u00fcvenilir Forex ticaret deneyiminin ve en iyi m\u00fc\u015fteri hizmetinin keyfini \u00e7\u0131kar\u0131n.","robots":{"index":"index","follow":"follow","max-snippet":"max-snippet:-1","max-image-preview":"max-image-preview:large","max-video-preview":"max-video-preview:-1"},"canonical":"https:\/\/olymptrade.ai\/tr\/oduller\/","og_locale":"tr_TR","og_type":"article","og_title":"Awards - Olymp Trade","og_description":"Online trading with the multi-award-winning broker Olymptrade \u2013 Enjoy the most reliable Forex trading experience and best customer service.","og_url":"https:\/\/olymptrade.ai\/tr\/oduller\/","og_site_name":"Olymp Trade","article_publisher":"https:\/\/www.facebook.com\/olymptradecom\/","article_modified_time":"2025-06-26T03:30:26+00:00","og_image":[{"width":613,"height":552,"url":"https:\/\/olymptrade.ai\/wp-content\/uploads\/2025\/02\/awards_page_bg_600.png","type":"image\/png"}],"twitter_card":"summary_large_image","twitter_misc":{"Tahmini okuma s\u00fcresi":"1 dakika"},"schema":{"@context":"https:\/\/schema.org","@graph":[{"@type":["WebPage","QAPage"],"@id":"https:\/\/olymptrade.ai\/awards\/","url":"https:\/\/olymptrade.ai\/awards\/","name":"\u00d6d\u00fcller - Olymp Trade","isPartOf":{"@id":"https:\/\/olymptrade.ai\/#website"},"primaryImageOfPage":{"@id":"https:\/\/olymptrade.ai\/awards\/#primaryimage"},"image":{"@id":"https:\/\/olymptrade.ai\/awards\/#primaryimage"},"thumbnailUrl":"https:\/\/olymptrade.ai\/wp-content\/uploads\/2025\/02\/awards_page_bg_600.png","datePublished":"2025-02-08T03:08:43+00:00","dateModified":"2025-06-26T03:30:26+00:00","description":"\u00c7ok \u00f6d\u00fcll\u00fc broker Olymptrade ile \u00e7evrimi\u00e7i ticaret - En g\u00fcvenilir Forex ticaret deneyiminin ve en iyi m\u00fc\u015fteri hizmetinin keyfini \u00e7\u0131kar\u0131n.","breadcrumb":{"@id":"https:\/\/olymptrade.ai\/awards\/#breadcrumb"},"inLanguage":"tr","potentialAction":[{"@type":"ReadAction","target":["https:\/\/olymptrade.ai\/awards\/"]}]},{"@type":"ImageObject","inLanguage":"tr","@id":"https:\/\/olymptrade.ai\/awards\/#primaryimage","url":"https:\/\/olymptrade.ai\/wp-content\/uploads\/2025\/02\/awards_page_bg_600.png","contentUrl":"https:\/\/olymptrade.ai\/wp-content\/uploads\/2025\/02\/awards_page_bg_600.png"},{"@type":"BreadcrumbList","@id":"https:\/\/olymptrade.ai\/awards\/#breadcrumb","itemListElement":[{"@type":"ListItem","position":1,"name":"Home","item":"https:\/\/olymptrade.ai\/"},{"@type":"ListItem","position":2,"name":"Awards"}]},{"@type":"WebSite","@id":"https:\/\/olymptrade.ai\/#website","url":"https:\/\/olymptrade.ai\/","name":"Olymptrade","description":"Olymptrade ile Favori Piyasalar\u0131n\u0131za Yat\u0131r\u0131m Yap\u0131n","publisher":{"@id":"https:\/\/olymptrade.ai\/#organization"},"potentialAction":[{"@type":"SearchAction","target":{"@type":"EntryPoint","urlTemplate":"https:\/\/olymptrade.ai\/?s={search_term_string}"},"query-input":{"@type":"PropertyValueSpecification","valueRequired":true,"valueName":"search_term_string"}}],"inLanguage":"tr"},{"@type":"Organization","@id":"https:\/\/olymptrade.ai\/#organization","name":"Olymptrade","url":"https:\/\/olymptrade.ai\/","logo":{"@type":"ImageObject","inLanguage":"tr","@id":"https:\/\/olymptrade.ai\/#\/schema\/logo\/image\/","url":"https:\/\/olymptrade.ai\/wp-content\/uploads\/2025\/02\/logo_olymp_trade_trading.png","contentUrl":"https:\/\/olymptrade.ai\/wp-content\/uploads\/2025\/02\/logo_olymp_trade_trading.png","width":512,"height":512,"caption":"Olymptrade"},"image":{"@id":"https:\/\/olymptrade.ai\/#\/schema\/logo\/image\/"},"sameAs":["https:\/\/www.facebook.com\/olymptradecom\/"]}]}},"_links":{"self":[{"href":"https:\/\/olymptrade.ai\/tr\/wp-json\/wp\/v2\/pages\/1187","targetHints":{"allow":["GET"]}}],"collection":[{"href":"https:\/\/olymptrade.ai\/tr\/wp-json\/wp\/v2\/pages"}],"about":[{"href":"https:\/\/olymptrade.ai\/tr\/wp-json\/wp\/v2\/types\/page"}],"author":[{"embeddable":true,"href":"https:\/\/olymptrade.ai\/tr\/wp-json\/wp\/v2\/users\/1"}],"replies":[{"embeddable":true,"href":"https:\/\/olymptrade.ai\/tr\/wp-json\/wp\/v2\/comments?post=1187"}],"version-history":[{"count":0,"href":"https:\/\/olymptrade.ai\/tr\/wp-json\/wp\/v2\/pages\/1187\/revisions"}],"wp:attachment":[{"href":"https:\/\/olymptrade.ai\/tr\/wp-json\/wp\/v2\/media?parent=1187"}],"curies":[{"name":"wp","href":"https:\/\/api.w.org\/{rel}","templated":true}]}}