{"id":1331,"date":"2025-02-10T13:57:09","date_gmt":"2025-02-10T13:57:09","guid":{"rendered":"https:\/\/olymptrade.ai\/?page_id=1331"},"modified":"2025-06-26T03:45:23","modified_gmt":"2025-06-26T03:45:23","slug":"regulation","status":"publish","type":"page","link":"https:\/\/olymptrade.ai\/pt\/regulamentacao\/","title":{"rendered":"Regulamenta\u00e7\u00e3o"},"content":{"rendered":"<div data-elementor-type=\"wp-page\" data-elementor-id=\"1331\" class=\"elementor elementor-1331\">\n\t\t\t\t\t\t<section class=\"elementor-section elementor-top-section elementor-element elementor-element-0529df9 elementor-section-boxed elementor-section-height-default elementor-section-height-default\" data-id=\"0529df9\" data-element_type=\"section\">\n\t\t\t\t\t\t<div class=\"elementor-container elementor-column-gap-default\">\n\t\t\t\t\t<div class=\"elementor-column elementor-col-100 elementor-top-column elementor-element elementor-element-2eb748b\" data-id=\"2eb748b\" data-element_type=\"column\">\n\t\t\t<div class=\"elementor-widget-wrap elementor-element-populated\">\n\t\t\t\t\t\t<section class=\"elementor-section elementor-inner-section elementor-element elementor-element-730cbe3 elementor-section-boxed elementor-section-height-default elementor-section-height-default\" data-id=\"730cbe3\" data-element_type=\"section\">\n\t\t\t\t\t\t<div class=\"elementor-container elementor-column-gap-default\">\n\t\t\t\t\t<div class=\"elementor-column elementor-col-50 elementor-inner-column elementor-element elementor-element-bafa74a\" data-id=\"bafa74a\" data-element_type=\"column\">\n\t\t\t<div class=\"elementor-widget-wrap elementor-element-populated\">\n\t\t\t\t\t\t<div class=\"elementor-element elementor-element-9a83ff8 elementor-widget elementor-widget-heading\" data-id=\"9a83ff8\" data-element_type=\"widget\" data-widget_type=\"heading.default\">\n\t\t\t\t<div class=\"elementor-widget-container\">\n\t\t\t\t\t<h1 class=\"elementor-heading-title elementor-size-default\">Nossas garantias<\/h1>\t\t\t\t<\/div>\n\t\t\t\t<\/div>\n\t\t\t\t<div class=\"elementor-element elementor-element-6f7c320 elementor-widget elementor-widget-text-editor\" data-id=\"6f7c320\" data-element_type=\"widget\" data-widget_type=\"text-editor.default\">\n\t\t\t\t<div class=\"elementor-widget-container\">\n\t\t\t\t\t\t\t\t\t<p>A Olymptrade \u00e9 uma corretora licenciada e regulamentada pela Comiss\u00e3o de Servi\u00e7os Financeiros de Vanuatu. A Olymptrade tem o compromisso de oferecer a mais alta qualidade de servi\u00e7o. Nossos clientes s\u00e3o cobertos por um seguro de dep\u00f3sito e t\u00eam acesso a um suporte abrangente e \u00e0 resolu\u00e7\u00e3o imediata de qualquer problema relacionado \u00e0s suas intera\u00e7\u00f5es financeiras com a Olymptrade.<\/p><p><span style=\"color: #00ff00;\"><a style=\"color: #00ff00;\" href=\"https:\/\/cfcdn.mnpcdn.com\/s5\/static\/aollikus-license-3a034e9cce74570b31db366acbffe15e.pdf\">Licen\u00e7a de agente financeiro<\/a><\/span><\/p>\t\t\t\t\t\t\t\t<\/div>\n\t\t\t\t<\/div>\n\t\t\t\t\t<\/div>\n\t\t<\/div>\n\t\t\t\t<div class=\"elementor-column elementor-col-50 elementor-inner-column elementor-element elementor-element-8a70938\" data-id=\"8a70938\" data-element_type=\"column\">\n\t\t\t<div class=\"elementor-widget-wrap elementor-element-populated\">\n\t\t\t\t\t\t<div class=\"elementor-element elementor-element-2ac97fe elementor-widget elementor-widget-image\" data-id=\"2ac97fe\" data-element_type=\"widget\" data-widget_type=\"image.default\">\n\t\t\t\t<div class=\"elementor-widget-container\">\n\t\t\t\t\t\t\t\t\t\t\t\t\t\t\t<img fetchpriority=\"high\" decoding=\"async\" width=\"625\" height=\"1024\" src=\"https:\/\/olymptrade.ai\/wp-content\/uploads\/2025\/02\/licen-625x1024.jpg\" class=\"attachment-large size-large wp-image-1337\" alt=\"\" srcset=\"https:\/\/olymptrade.ai\/wp-content\/uploads\/2025\/02\/licen-625x1024.jpg 625w, https:\/\/olymptrade.ai\/wp-content\/uploads\/2025\/02\/licen-183x300.jpg 183w, https:\/\/olymptrade.ai\/wp-content\/uploads\/2025\/02\/licen-768x1259.jpg 768w, https:\/\/olymptrade.ai\/wp-content\/uploads\/2025\/02\/licen-7x12.jpg 7w, https:\/\/olymptrade.ai\/wp-content\/uploads\/2025\/02\/licen.jpg 781w\" sizes=\"(max-width: 625px) 100vw, 625px\" \/>\t\t\t\t\t\t\t\t\t\t\t\t\t\t\t<\/div>\n\t\t\t\t<\/div>\n\t\t\t\t\t<\/div>\n\t\t<\/div>\n\t\t\t\t\t<\/div>\n\t\t<\/section>\n\t\t\t\t\t<\/div>\n\t\t<\/div>\n\t\t\t\t\t<\/div>\n\t\t<\/section>\n\t\t\t\t<section class=\"elementor-section elementor-top-section elementor-element elementor-element-0a2ee10 elementor-section-boxed elementor-section-height-default elementor-section-height-default\" data-id=\"0a2ee10\" data-element_type=\"section\">\n\t\t\t\t\t\t<div class=\"elementor-container elementor-column-gap-default\">\n\t\t\t\t\t<div class=\"elementor-column elementor-col-100 elementor-top-column elementor-element elementor-element-054043c\" data-id=\"054043c\" data-element_type=\"column\">\n\t\t\t<div class=\"elementor-widget-wrap elementor-element-populated\">\n\t\t\t\t\t\t<section class=\"elementor-section elementor-inner-section elementor-element elementor-element-73c3c4f elementor-section-boxed elementor-section-height-default elementor-section-height-default\" data-id=\"73c3c4f\" data-element_type=\"section\">\n\t\t\t\t\t\t<div class=\"elementor-container elementor-column-gap-default\">\n\t\t\t\t\t<div class=\"elementor-column elementor-col-50 elementor-inner-column elementor-element elementor-element-ef61be7\" data-id=\"ef61be7\" data-element_type=\"column\">\n\t\t\t<div class=\"elementor-widget-wrap elementor-element-populated\">\n\t\t\t\t\t\t<div class=\"elementor-element elementor-element-8355a48 elementor-widget elementor-widget-heading\" data-id=\"8355a48\" data-element_type=\"widget\" data-widget_type=\"heading.default\">\n\t\t\t\t<div class=\"elementor-widget-container\">\n\t\t\t\t\t<h2 class=\"elementor-heading-title elementor-size-default\">Sobre a Comiss\u00e3o Financeira Internacional (FinaCom)<\/h2>\t\t\t\t<\/div>\n\t\t\t\t<\/div>\n\t\t\t\t<div class=\"elementor-element elementor-element-6bb9220 elementor-widget elementor-widget-text-editor\" data-id=\"6bb9220\" data-element_type=\"widget\" data-widget_type=\"text-editor.default\">\n\t\t\t\t<div class=\"elementor-widget-container\">\n\t\t\t\t\t\t\t\t\t<p>A International Financial Commission \u00e9 um centro alternativo de resolu\u00e7\u00e3o de disputas criado para proteger os interesses de traders individuais. Ela promove a transpar\u00eancia, a integridade e a educa\u00e7\u00e3o do cliente.<\/p><p>Ser membro da FinaCom \u00e9 uma honra reservada \u00e0s empresas que aderem constante e fielmente a esses princ\u00edpios. A Olymptrade aderiu \u00e0 Comiss\u00e3o em 22 de fevereiro de 2016.<\/p>\t\t\t\t\t\t\t\t<\/div>\n\t\t\t\t<\/div>\n\t\t\t\t\t<\/div>\n\t\t<\/div>\n\t\t\t\t<div class=\"elementor-column elementor-col-50 elementor-inner-column elementor-element elementor-element-ee9d2df\" data-id=\"ee9d2df\" data-element_type=\"column\">\n\t\t\t<div class=\"elementor-widget-wrap elementor-element-populated\">\n\t\t\t\t\t\t<div class=\"elementor-element elementor-element-d9fa17b elementor-widget elementor-widget-heading\" data-id=\"d9fa17b\" data-element_type=\"widget\" data-widget_type=\"heading.default\">\n\t\t\t\t<div class=\"elementor-widget-container\">\n\t\t\t\t\t<h2 class=\"elementor-heading-title elementor-size-default\">Sobre a Associa\u00e7\u00e3o de Mercados Financeiros em Vanuatu<\/h2>\t\t\t\t<\/div>\n\t\t\t\t<\/div>\n\t\t\t\t<div class=\"elementor-element elementor-element-5235f91 elementor-widget elementor-widget-text-editor\" data-id=\"5235f91\" data-element_type=\"widget\" data-widget_type=\"text-editor.default\">\n\t\t\t\t<div class=\"elementor-widget-container\">\n\t\t\t\t\t\t\t\t\t<p>A Associa\u00e7\u00e3o de Mercados Financeiros de Vanuatu \u00e9 um \u00f3rg\u00e3o autorregulador para os detentores da Licen\u00e7a de Negociante Financeiro de Vanuatu.<\/p>\t\t\t\t\t\t\t\t<\/div>\n\t\t\t\t<\/div>\n\t\t\t\t\t<\/div>\n\t\t<\/div>\n\t\t\t\t\t<\/div>\n\t\t<\/section>\n\t\t\t\t<section class=\"elementor-section elementor-inner-section elementor-element elementor-element-bcfad53 elementor-section-boxed elementor-section-height-default elementor-section-height-default\" data-id=\"bcfad53\" data-element_type=\"section\">\n\t\t\t\t\t\t<div class=\"elementor-container elementor-column-gap-default\">\n\t\t\t\t\t<div class=\"elementor-column elementor-col-50 elementor-inner-column elementor-element elementor-element-2a9d9d0\" data-id=\"2a9d9d0\" data-element_type=\"column\">\n\t\t\t<div class=\"elementor-widget-wrap elementor-element-populated\">\n\t\t\t\t\t\t<div class=\"elementor-element elementor-element-1a0c715 ui-e-icon-left ui-e-left elementor-align-left elementor-widget elementor-widget-uicore-icon-list\" data-id=\"1a0c715\" data-element_type=\"widget\" data-widget_type=\"uicore-icon-list.default\">\n\t\t\t\t<div class=\"elementor-widget-container\">\n\t\t\t\t\t        <ul>\n                            <li >\n\n                    <div class=\"ui-e-wrap\">\n                    \n                    \n                    <div class=\"ui-e-content\">\n                        <span class=\"ui-e-title\">\n                            Assist\u00eancia jur\u00eddica                        <\/span>\n                        <p class=\"ui-e-text\"> Os clientes da Olymptrade t\u00eam direito a assist\u00eancia jur\u00eddica gratuita em qualquer disputa que possam ter com a corretora. <\/p>\n                    <\/div>\n\n                    \n                    <\/div>\n                <\/li>\n                            <li >\n\n                    <div class=\"ui-e-wrap\">\n                    \n                    \n                    <div class=\"ui-e-content\">\n                        <span class=\"ui-e-title\">\n                            Compensa\u00e7\u00e3o                        <\/span>\n                        <p class=\"ui-e-text\"> Se for comprovada qualquer irregularidade por parte do corretor, o trader poder\u00e1 receber at\u00e9 20.000 euros de indeniza\u00e7\u00e3o. <\/p>\n                    <\/div>\n\n                    \n                    <\/div>\n                <\/li>\n                    <\/ul>\n\t\t\t\t<\/div>\n\t\t\t\t<\/div>\n\t\t\t\t\t<\/div>\n\t\t<\/div>\n\t\t\t\t<div class=\"elementor-column elementor-col-50 elementor-inner-column elementor-element elementor-element-3e574d0\" data-id=\"3e574d0\" data-element_type=\"column\">\n\t\t\t<div class=\"elementor-widget-wrap elementor-element-populated\">\n\t\t\t\t\t\t<div class=\"elementor-element elementor-element-42645f7 ui-e-icon-left ui-e-left elementor-align-left elementor-widget elementor-widget-uicore-icon-list\" data-id=\"42645f7\" data-element_type=\"widget\" data-widget_type=\"uicore-icon-list.default\">\n\t\t\t\t<div class=\"elementor-widget-container\">\n\t\t\t\t\t        <ul>\n                            <li >\n\n                    <div class=\"ui-e-wrap\">\n                    \n                    \n                    <div class=\"ui-e-content\">\n                        <span class=\"ui-e-title\">\n                            Cita\u00e7\u00f5es verific\u00e1veis                        <\/span>\n                        <p class=\"ui-e-text\"> Todos os pre\u00e7os de mercado cotados na plataforma da Olymptrade s\u00e3o verificados por terceiros. Os dados podem ser acessados a qualquer momento para que o trader possa garantir que est\u00e1 obtendo a melhor execu\u00e7\u00e3o de negocia\u00e7\u00e3o. <\/p>\n                    <\/div>\n\n                    \n                    <\/div>\n                <\/li>\n                    <\/ul>\n\t\t\t\t<\/div>\n\t\t\t\t<\/div>\n\t\t\t\t<div class=\"elementor-element elementor-element-60ee641 elementor-widget elementor-widget-image\" data-id=\"60ee641\" data-element_type=\"widget\" data-widget_type=\"image.default\">\n\t\t\t\t<div class=\"elementor-widget-container\">\n\t\t\t\t\t\t\t\t\t\t\t\t\t\t\t<img decoding=\"async\" width=\"258\" height=\"57\" src=\"https:\/\/olymptrade.ai\/wp-content\/uploads\/2025\/02\/regulation_verify.png\" class=\"attachment-large size-large wp-image-1338\" alt=\"\" srcset=\"https:\/\/olymptrade.ai\/wp-content\/uploads\/2025\/02\/regulation_verify.png 258w, https:\/\/olymptrade.ai\/wp-content\/uploads\/2025\/02\/regulation_verify-18x4.png 18w\" sizes=\"(max-width: 258px) 100vw, 258px\" \/>\t\t\t\t\t\t\t\t\t\t\t\t\t\t\t<\/div>\n\t\t\t\t<\/div>\n\t\t\t\t\t<\/div>\n\t\t<\/div>\n\t\t\t\t\t<\/div>\n\t\t<\/section>\n\t\t\t\t\t<\/div>\n\t\t<\/div>\n\t\t\t\t\t<\/div>\n\t\t<\/section>\n\t\t\t\t<\/div>","protected":false},"excerpt":{"rendered":"<p>Nossas Garantias A Olymptrade \u00e9 uma corretora licenciada e regulamentada pela Comiss\u00e3o de Servi\u00e7os Financeiros de Vanuatu. A Olymptrade tem o compromisso de oferecer a mais alta qualidade de servi\u00e7o. Nossos clientes s\u00e3o cobertos por um seguro de dep\u00f3sito e t\u00eam acesso a um suporte abrangente e \u00e0 resolu\u00e7\u00e3o imediata de quaisquer problemas relacionados \u00e0s suas intera\u00e7\u00f5es financeiras com a Olymptrade. Licen\u00e7a de negociante financeiro Sobre o...<\/p>","protected":false},"author":1,"featured_media":0,"parent":0,"menu_order":0,"comment_status":"closed","ping_status":"open","template":"","meta":{"_kad_post_transparent":"","_kad_post_title":"hide","_kad_post_layout":"fullwidth","_kad_post_sidebar_id":"","_kad_post_content_style":"unboxed","_kad_post_vertical_padding":"hide","_kad_post_feature":"hide","_kad_post_feature_position":"","_kad_post_header":false,"_kad_post_footer":false,"footnotes":""},"class_list":["post-1331","page","type-page","status-publish","hentry"],"yoast_head":"<!-- This site is optimized with the Yoast SEO plugin v26.0 - https:\/\/yoast.com\/wordpress\/plugins\/seo\/ -->\n<title>Regulation - Olymp Trade<\/title>\n<meta name=\"description\" content=\"Olymptrade is a licensed and regulated broker by the Vanuatu Financial Services Commission. Olymptrade is committed to providing the highest quality of ...\" \/>\n<meta name=\"robots\" content=\"index, follow, max-snippet:-1, max-image-preview:large, max-video-preview:-1\" \/>\n<link rel=\"canonical\" href=\"https:\/\/olymptrade.ai\/pt\/regulamentacao\/\" \/>\n<meta property=\"og:locale\" content=\"pt_BR\" \/>\n<meta property=\"og:type\" content=\"article\" \/>\n<meta property=\"og:title\" content=\"Regulation - Olymp Trade\" \/>\n<meta property=\"og:description\" content=\"Olymptrade is a licensed and regulated broker by the Vanuatu Financial Services Commission. Olymptrade is committed to providing the highest quality of ...\" \/>\n<meta property=\"og:url\" content=\"https:\/\/olymptrade.ai\/pt\/regulamentacao\/\" \/>\n<meta property=\"og:site_name\" content=\"Olymp Trade\" \/>\n<meta property=\"article:publisher\" content=\"https:\/\/www.facebook.com\/olymptradecom\/\" \/>\n<meta property=\"article:modified_time\" content=\"2025-06-26T03:45:23+00:00\" \/>\n<meta property=\"og:image\" content=\"https:\/\/olymptrade.ai\/wp-content\/uploads\/2025\/02\/licen.jpg\" \/>\n\t<meta property=\"og:image:width\" content=\"781\" \/>\n\t<meta property=\"og:image:height\" content=\"1280\" \/>\n\t<meta property=\"og:image:type\" content=\"image\/jpeg\" \/>\n<meta name=\"twitter:card\" content=\"summary_large_image\" \/>\n<meta name=\"twitter:label1\" content=\"Est. tempo de leitura\" \/>\n\t<meta name=\"twitter:data1\" content=\"2 minutos\" \/>\n<script type=\"application\/ld+json\" class=\"yoast-schema-graph\">{\"@context\":\"https:\/\/schema.org\",\"@graph\":[{\"@type\":\"WebPage\",\"@id\":\"https:\/\/olymptrade.ai\/regulation\/\",\"url\":\"https:\/\/olymptrade.ai\/regulation\/\",\"name\":\"Regulation - Olymp Trade\",\"isPartOf\":{\"@id\":\"https:\/\/olymptrade.ai\/#website\"},\"primaryImageOfPage\":{\"@id\":\"https:\/\/olymptrade.ai\/regulation\/#primaryimage\"},\"image\":{\"@id\":\"https:\/\/olymptrade.ai\/regulation\/#primaryimage\"},\"thumbnailUrl\":\"https:\/\/olymptrade.ai\/wp-content\/uploads\/2025\/02\/licen-625x1024.jpg\",\"datePublished\":\"2025-02-10T13:57:09+00:00\",\"dateModified\":\"2025-06-26T03:45:23+00:00\",\"description\":\"Olymptrade is a licensed and regulated broker by the Vanuatu Financial Services Commission. Olymptrade is committed to providing the highest quality of ...\",\"breadcrumb\":{\"@id\":\"https:\/\/olymptrade.ai\/regulation\/#breadcrumb\"},\"inLanguage\":\"pt-BR\",\"potentialAction\":[{\"@type\":\"ReadAction\",\"target\":[\"https:\/\/olymptrade.ai\/regulation\/\"]}]},{\"@type\":\"ImageObject\",\"inLanguage\":\"pt-BR\",\"@id\":\"https:\/\/olymptrade.ai\/regulation\/#primaryimage\",\"url\":\"https:\/\/olymptrade.ai\/wp-content\/uploads\/2025\/02\/licen-625x1024.jpg\",\"contentUrl\":\"https:\/\/olymptrade.ai\/wp-content\/uploads\/2025\/02\/licen-625x1024.jpg\"},{\"@type\":\"BreadcrumbList\",\"@id\":\"https:\/\/olymptrade.ai\/regulation\/#breadcrumb\",\"itemListElement\":[{\"@type\":\"ListItem\",\"position\":1,\"name\":\"Home\",\"item\":\"https:\/\/olymptrade.ai\/\"},{\"@type\":\"ListItem\",\"position\":2,\"name\":\"Regulation\"}]},{\"@type\":\"WebSite\",\"@id\":\"https:\/\/olymptrade.ai\/#website\",\"url\":\"https:\/\/olymptrade.ai\/\",\"name\":\"Olymptrade\",\"description\":\"Invest in Your Favorite Markets with Olymptrade\",\"publisher\":{\"@id\":\"https:\/\/olymptrade.ai\/#organization\"},\"potentialAction\":[{\"@type\":\"SearchAction\",\"target\":{\"@type\":\"EntryPoint\",\"urlTemplate\":\"https:\/\/olymptrade.ai\/?s={search_term_string}\"},\"query-input\":{\"@type\":\"PropertyValueSpecification\",\"valueRequired\":true,\"valueName\":\"search_term_string\"}}],\"inLanguage\":\"pt-BR\"},{\"@type\":\"Organization\",\"@id\":\"https:\/\/olymptrade.ai\/#organization\",\"name\":\"Olymptrade\",\"url\":\"https:\/\/olymptrade.ai\/\",\"logo\":{\"@type\":\"ImageObject\",\"inLanguage\":\"pt-BR\",\"@id\":\"https:\/\/olymptrade.ai\/#\/schema\/logo\/image\/\",\"url\":\"https:\/\/olymptrade.ai\/wp-content\/uploads\/2025\/02\/logo_olymp_trade_trading.png\",\"contentUrl\":\"https:\/\/olymptrade.ai\/wp-content\/uploads\/2025\/02\/logo_olymp_trade_trading.png\",\"width\":512,\"height\":512,\"caption\":\"Olymptrade\"},\"image\":{\"@id\":\"https:\/\/olymptrade.ai\/#\/schema\/logo\/image\/\"},\"sameAs\":[\"https:\/\/www.facebook.com\/olymptradecom\/\"]}]}<\/script>\n<!-- \/ Yoast SEO plugin. -->","yoast_head_json":{"title":"Regulamenta\u00e7\u00e3o - Olymp Trade","description":"A Olymptrade \u00e9 uma corretora licenciada e regulamentada pela Comiss\u00e3o de Servi\u00e7os Financeiros de Vanuatu. A Olymptrade tem o compromisso de oferecer a mais alta qualidade de ...","robots":{"index":"index","follow":"follow","max-snippet":"max-snippet:-1","max-image-preview":"max-image-preview:large","max-video-preview":"max-video-preview:-1"},"canonical":"https:\/\/olymptrade.ai\/pt\/regulamentacao\/","og_locale":"pt_BR","og_type":"article","og_title":"Regulation - Olymp Trade","og_description":"Olymptrade is a licensed and regulated broker by the Vanuatu Financial Services Commission. Olymptrade is committed to providing the highest quality of ...","og_url":"https:\/\/olymptrade.ai\/pt\/regulamentacao\/","og_site_name":"Olymp Trade","article_publisher":"https:\/\/www.facebook.com\/olymptradecom\/","article_modified_time":"2025-06-26T03:45:23+00:00","og_image":[{"width":781,"height":1280,"url":"https:\/\/olymptrade.ai\/wp-content\/uploads\/2025\/02\/licen.jpg","type":"image\/jpeg"}],"twitter_card":"summary_large_image","twitter_misc":{"Est. tempo de leitura":"2 minutos"},"schema":{"@context":"https:\/\/schema.org","@graph":[{"@type":"WebPage","@id":"https:\/\/olymptrade.ai\/regulation\/","url":"https:\/\/olymptrade.ai\/regulation\/","name":"Regulamenta\u00e7\u00e3o - Olymp Trade","isPartOf":{"@id":"https:\/\/olymptrade.ai\/#website"},"primaryImageOfPage":{"@id":"https:\/\/olymptrade.ai\/regulation\/#primaryimage"},"image":{"@id":"https:\/\/olymptrade.ai\/regulation\/#primaryimage"},"thumbnailUrl":"https:\/\/olymptrade.ai\/wp-content\/uploads\/2025\/02\/licen-625x1024.jpg","datePublished":"2025-02-10T13:57:09+00:00","dateModified":"2025-06-26T03:45:23+00:00","description":"A Olymptrade \u00e9 uma corretora licenciada e regulamentada pela Comiss\u00e3o de Servi\u00e7os Financeiros de Vanuatu. A Olymptrade tem o compromisso de oferecer a mais alta qualidade de ...","breadcrumb":{"@id":"https:\/\/olymptrade.ai\/regulation\/#breadcrumb"},"inLanguage":"pt-BR","potentialAction":[{"@type":"ReadAction","target":["https:\/\/olymptrade.ai\/regulation\/"]}]},{"@type":"ImageObject","inLanguage":"pt-BR","@id":"https:\/\/olymptrade.ai\/regulation\/#primaryimage","url":"https:\/\/olymptrade.ai\/wp-content\/uploads\/2025\/02\/licen-625x1024.jpg","contentUrl":"https:\/\/olymptrade.ai\/wp-content\/uploads\/2025\/02\/licen-625x1024.jpg"},{"@type":"BreadcrumbList","@id":"https:\/\/olymptrade.ai\/regulation\/#breadcrumb","itemListElement":[{"@type":"ListItem","position":1,"name":"Home","item":"https:\/\/olymptrade.ai\/"},{"@type":"ListItem","position":2,"name":"Regulation"}]},{"@type":"WebSite","@id":"https:\/\/olymptrade.ai\/#website","url":"https:\/\/olymptrade.ai\/","name":"Olymptrade","description":"Invista em seus mercados favoritos com a Olymptrade","publisher":{"@id":"https:\/\/olymptrade.ai\/#organization"},"potentialAction":[{"@type":"SearchAction","target":{"@type":"EntryPoint","urlTemplate":"https:\/\/olymptrade.ai\/?s={search_term_string}"},"query-input":{"@type":"PropertyValueSpecification","valueRequired":true,"valueName":"search_term_string"}}],"inLanguage":"pt-BR"},{"@type":"Organization","@id":"https:\/\/olymptrade.ai\/#organization","name":"Olymptrade","url":"https:\/\/olymptrade.ai\/","logo":{"@type":"ImageObject","inLanguage":"pt-BR","@id":"https:\/\/olymptrade.ai\/#\/schema\/logo\/image\/","url":"https:\/\/olymptrade.ai\/wp-content\/uploads\/2025\/02\/logo_olymp_trade_trading.png","contentUrl":"https:\/\/olymptrade.ai\/wp-content\/uploads\/2025\/02\/logo_olymp_trade_trading.png","width":512,"height":512,"caption":"Olymptrade"},"image":{"@id":"https:\/\/olymptrade.ai\/#\/schema\/logo\/image\/"},"sameAs":["https:\/\/www.facebook.com\/olymptradecom\/"]}]}},"_links":{"self":[{"href":"https:\/\/olymptrade.ai\/pt\/wp-json\/wp\/v2\/pages\/1331","targetHints":{"allow":["GET"]}}],"collection":[{"href":"https:\/\/olymptrade.ai\/pt\/wp-json\/wp\/v2\/pages"}],"about":[{"href":"https:\/\/olymptrade.ai\/pt\/wp-json\/wp\/v2\/types\/page"}],"author":[{"embeddable":true,"href":"https:\/\/olymptrade.ai\/pt\/wp-json\/wp\/v2\/users\/1"}],"replies":[{"embeddable":true,"href":"https:\/\/olymptrade.ai\/pt\/wp-json\/wp\/v2\/comments?post=1331"}],"version-history":[{"count":0,"href":"https:\/\/olymptrade.ai\/pt\/wp-json\/wp\/v2\/pages\/1331\/revisions"}],"wp:attachment":[{"href":"https:\/\/olymptrade.ai\/pt\/wp-json\/wp\/v2\/media?parent=1331"}],"curies":[{"name":"wp","href":"https:\/\/api.w.org\/{rel}","templated":true}]}}