{"id":1331,"date":"2025-02-10T13:57:09","date_gmt":"2025-02-10T13:57:09","guid":{"rendered":"https:\/\/olymptrade.ai\/?page_id=1331"},"modified":"2025-06-26T03:45:23","modified_gmt":"2025-06-26T03:45:23","slug":"regulation","status":"publish","type":"page","link":"https:\/\/olymptrade.ai\/fr\/reglement\/","title":{"rendered":"R\u00e8glement"},"content":{"rendered":"<div data-elementor-type=\"wp-page\" data-elementor-id=\"1331\" class=\"elementor elementor-1331\">\n\t\t\t\t\t\t<section class=\"elementor-section elementor-top-section elementor-element elementor-element-0529df9 elementor-section-boxed elementor-section-height-default elementor-section-height-default\" data-id=\"0529df9\" data-element_type=\"section\">\n\t\t\t\t\t\t<div class=\"elementor-container elementor-column-gap-default\">\n\t\t\t\t\t<div class=\"elementor-column elementor-col-100 elementor-top-column elementor-element elementor-element-2eb748b\" data-id=\"2eb748b\" data-element_type=\"column\">\n\t\t\t<div class=\"elementor-widget-wrap elementor-element-populated\">\n\t\t\t\t\t\t<section class=\"elementor-section elementor-inner-section elementor-element elementor-element-730cbe3 elementor-section-boxed elementor-section-height-default elementor-section-height-default\" data-id=\"730cbe3\" data-element_type=\"section\">\n\t\t\t\t\t\t<div class=\"elementor-container elementor-column-gap-default\">\n\t\t\t\t\t<div class=\"elementor-column elementor-col-50 elementor-inner-column elementor-element elementor-element-bafa74a\" data-id=\"bafa74a\" data-element_type=\"column\">\n\t\t\t<div class=\"elementor-widget-wrap elementor-element-populated\">\n\t\t\t\t\t\t<div class=\"elementor-element elementor-element-9a83ff8 elementor-widget elementor-widget-heading\" data-id=\"9a83ff8\" data-element_type=\"widget\" data-widget_type=\"heading.default\">\n\t\t\t\t<div class=\"elementor-widget-container\">\n\t\t\t\t\t<h1 class=\"elementor-heading-title elementor-size-default\">Nos garanties<\/h1>\t\t\t\t<\/div>\n\t\t\t\t<\/div>\n\t\t\t\t<div class=\"elementor-element elementor-element-6f7c320 elementor-widget elementor-widget-text-editor\" data-id=\"6f7c320\" data-element_type=\"widget\" data-widget_type=\"text-editor.default\">\n\t\t\t\t<div class=\"elementor-widget-container\">\n\t\t\t\t\t\t\t\t\t<p>Olymptrade est un courtier agr\u00e9\u00e9 et r\u00e9glement\u00e9 par la Commission des services financiers de Vanuatu. Olymptrade s'engage \u00e0 fournir un service de la plus haute qualit\u00e9. Nos clients sont couverts par une assurance-d\u00e9p\u00f4t et ont acc\u00e8s \u00e0 une assistance compl\u00e8te et \u00e0 une r\u00e9solution rapide de tout probl\u00e8me concernant leurs interactions financi\u00e8res avec Olymptrade.<\/p><p><span style=\"color: #00ff00;\"><a style=\"color: #00ff00;\" href=\"https:\/\/cfcdn.mnpcdn.com\/s5\/static\/aollikus-license-3a034e9cce74570b31db366acbffe15e.pdf\">Licence de n\u00e9gociant financier<\/a><\/span><\/p>\t\t\t\t\t\t\t\t<\/div>\n\t\t\t\t<\/div>\n\t\t\t\t\t<\/div>\n\t\t<\/div>\n\t\t\t\t<div class=\"elementor-column elementor-col-50 elementor-inner-column elementor-element elementor-element-8a70938\" data-id=\"8a70938\" data-element_type=\"column\">\n\t\t\t<div class=\"elementor-widget-wrap elementor-element-populated\">\n\t\t\t\t\t\t<div class=\"elementor-element elementor-element-2ac97fe elementor-widget elementor-widget-image\" data-id=\"2ac97fe\" data-element_type=\"widget\" data-widget_type=\"image.default\">\n\t\t\t\t<div class=\"elementor-widget-container\">\n\t\t\t\t\t\t\t\t\t\t\t\t\t\t\t<img fetchpriority=\"high\" decoding=\"async\" width=\"625\" height=\"1024\" src=\"https:\/\/olymptrade.ai\/wp-content\/uploads\/2025\/02\/licen-625x1024.jpg\" class=\"attachment-large size-large wp-image-1337\" alt=\"\" srcset=\"https:\/\/olymptrade.ai\/wp-content\/uploads\/2025\/02\/licen-625x1024.jpg 625w, https:\/\/olymptrade.ai\/wp-content\/uploads\/2025\/02\/licen-183x300.jpg 183w, https:\/\/olymptrade.ai\/wp-content\/uploads\/2025\/02\/licen-768x1259.jpg 768w, https:\/\/olymptrade.ai\/wp-content\/uploads\/2025\/02\/licen-7x12.jpg 7w, https:\/\/olymptrade.ai\/wp-content\/uploads\/2025\/02\/licen.jpg 781w\" sizes=\"(max-width: 625px) 100vw, 625px\" \/>\t\t\t\t\t\t\t\t\t\t\t\t\t\t\t<\/div>\n\t\t\t\t<\/div>\n\t\t\t\t\t<\/div>\n\t\t<\/div>\n\t\t\t\t\t<\/div>\n\t\t<\/section>\n\t\t\t\t\t<\/div>\n\t\t<\/div>\n\t\t\t\t\t<\/div>\n\t\t<\/section>\n\t\t\t\t<section class=\"elementor-section elementor-top-section elementor-element elementor-element-0a2ee10 elementor-section-boxed elementor-section-height-default elementor-section-height-default\" data-id=\"0a2ee10\" data-element_type=\"section\">\n\t\t\t\t\t\t<div class=\"elementor-container elementor-column-gap-default\">\n\t\t\t\t\t<div class=\"elementor-column elementor-col-100 elementor-top-column elementor-element elementor-element-054043c\" data-id=\"054043c\" data-element_type=\"column\">\n\t\t\t<div class=\"elementor-widget-wrap elementor-element-populated\">\n\t\t\t\t\t\t<section class=\"elementor-section elementor-inner-section elementor-element elementor-element-73c3c4f elementor-section-boxed elementor-section-height-default elementor-section-height-default\" data-id=\"73c3c4f\" data-element_type=\"section\">\n\t\t\t\t\t\t<div class=\"elementor-container elementor-column-gap-default\">\n\t\t\t\t\t<div class=\"elementor-column elementor-col-50 elementor-inner-column elementor-element elementor-element-ef61be7\" data-id=\"ef61be7\" data-element_type=\"column\">\n\t\t\t<div class=\"elementor-widget-wrap elementor-element-populated\">\n\t\t\t\t\t\t<div class=\"elementor-element elementor-element-8355a48 elementor-widget elementor-widget-heading\" data-id=\"8355a48\" data-element_type=\"widget\" data-widget_type=\"heading.default\">\n\t\t\t\t<div class=\"elementor-widget-container\">\n\t\t\t\t\t<h2 class=\"elementor-heading-title elementor-size-default\">A propos de la Commission financi\u00e8re internationale (FinaCom)<\/h2>\t\t\t\t<\/div>\n\t\t\t\t<\/div>\n\t\t\t\t<div class=\"elementor-element elementor-element-6bb9220 elementor-widget elementor-widget-text-editor\" data-id=\"6bb9220\" data-element_type=\"widget\" data-widget_type=\"text-editor.default\">\n\t\t\t\t<div class=\"elementor-widget-container\">\n\t\t\t\t\t\t\t\t\t<p>La Commission financi\u00e8re internationale est un centre alternatif de r\u00e9solution des litiges cr\u00e9\u00e9 pour prot\u00e9ger les int\u00e9r\u00eats des traders individuels. Elle promeut la transparence, l'int\u00e9grit\u00e9 et l'\u00e9ducation des clients.<\/p><p>L'adh\u00e9sion \u00e0 FinaCom est un honneur r\u00e9serv\u00e9 aux entreprises qui adh\u00e8rent constamment et fid\u00e8lement \u00e0 ces principes. Olymptrade a rejoint la Commission le 22 f\u00e9vrier 2016.<\/p>\t\t\t\t\t\t\t\t<\/div>\n\t\t\t\t<\/div>\n\t\t\t\t\t<\/div>\n\t\t<\/div>\n\t\t\t\t<div class=\"elementor-column elementor-col-50 elementor-inner-column elementor-element elementor-element-ee9d2df\" data-id=\"ee9d2df\" data-element_type=\"column\">\n\t\t\t<div class=\"elementor-widget-wrap elementor-element-populated\">\n\t\t\t\t\t\t<div class=\"elementor-element elementor-element-d9fa17b elementor-widget elementor-widget-heading\" data-id=\"d9fa17b\" data-element_type=\"widget\" data-widget_type=\"heading.default\">\n\t\t\t\t<div class=\"elementor-widget-container\">\n\t\t\t\t\t<h2 class=\"elementor-heading-title elementor-size-default\">\u00c0 propos de l'association des march\u00e9s financiers de Vanuatu<\/h2>\t\t\t\t<\/div>\n\t\t\t\t<\/div>\n\t\t\t\t<div class=\"elementor-element elementor-element-5235f91 elementor-widget elementor-widget-text-editor\" data-id=\"5235f91\" data-element_type=\"widget\" data-widget_type=\"text-editor.default\">\n\t\t\t\t<div class=\"elementor-widget-container\">\n\t\t\t\t\t\t\t\t\t<p>L'Association des march\u00e9s financiers de Vanuatu est un organisme d'autor\u00e9gulation pour les d\u00e9tenteurs d'une licence de n\u00e9gociant financier de Vanuatu.<\/p>\t\t\t\t\t\t\t\t<\/div>\n\t\t\t\t<\/div>\n\t\t\t\t\t<\/div>\n\t\t<\/div>\n\t\t\t\t\t<\/div>\n\t\t<\/section>\n\t\t\t\t<section class=\"elementor-section elementor-inner-section elementor-element elementor-element-bcfad53 elementor-section-boxed elementor-section-height-default elementor-section-height-default\" data-id=\"bcfad53\" data-element_type=\"section\">\n\t\t\t\t\t\t<div class=\"elementor-container elementor-column-gap-default\">\n\t\t\t\t\t<div class=\"elementor-column elementor-col-50 elementor-inner-column elementor-element elementor-element-2a9d9d0\" data-id=\"2a9d9d0\" data-element_type=\"column\">\n\t\t\t<div class=\"elementor-widget-wrap elementor-element-populated\">\n\t\t\t\t\t\t<div class=\"elementor-element elementor-element-1a0c715 ui-e-icon-left ui-e-left elementor-align-left elementor-widget elementor-widget-uicore-icon-list\" data-id=\"1a0c715\" data-element_type=\"widget\" data-widget_type=\"uicore-icon-list.default\">\n\t\t\t\t<div class=\"elementor-widget-container\">\n\t\t\t\t\t        <ul>\n                            <li >\n\n                    <div class=\"ui-e-wrap\">\n                    \n                    \n                    <div class=\"ui-e-content\">\n                        <span class=\"ui-e-title\">\n                            Aide juridique                        <\/span>\n                        <p class=\"ui-e-text\"> Les clients d'Olymptrade ont droit \u00e0 une assistance juridique gratuite en cas de litige avec le courtier. <\/p>\n                    <\/div>\n\n                    \n                    <\/div>\n                <\/li>\n                            <li >\n\n                    <div class=\"ui-e-wrap\">\n                    \n                    \n                    <div class=\"ui-e-content\">\n                        <span class=\"ui-e-title\">\n                            Compensation                        <\/span>\n                        <p class=\"ui-e-text\"> Si une faute est prouv\u00e9e de la part du courtier, le trader peut recevoir jusqu'\u00e0 20 000 euros de compensation. <\/p>\n                    <\/div>\n\n                    \n                    <\/div>\n                <\/li>\n                    <\/ul>\n\t\t\t\t<\/div>\n\t\t\t\t<\/div>\n\t\t\t\t\t<\/div>\n\t\t<\/div>\n\t\t\t\t<div class=\"elementor-column elementor-col-50 elementor-inner-column elementor-element elementor-element-3e574d0\" data-id=\"3e574d0\" data-element_type=\"column\">\n\t\t\t<div class=\"elementor-widget-wrap elementor-element-populated\">\n\t\t\t\t\t\t<div class=\"elementor-element elementor-element-42645f7 ui-e-icon-left ui-e-left elementor-align-left elementor-widget elementor-widget-uicore-icon-list\" data-id=\"42645f7\" data-element_type=\"widget\" data-widget_type=\"uicore-icon-list.default\">\n\t\t\t\t<div class=\"elementor-widget-container\">\n\t\t\t\t\t        <ul>\n                            <li >\n\n                    <div class=\"ui-e-wrap\">\n                    \n                    \n                    <div class=\"ui-e-content\">\n                        <span class=\"ui-e-title\">\n                            Citations v\u00e9rifiables                        <\/span>\n                        <p class=\"ui-e-text\"> Tous les prix du march\u00e9 indiqu\u00e9s sur la plateforme Olymptrade sont v\u00e9rifi\u00e9s par des tiers. Les donn\u00e9es sont accessibles \u00e0 tout moment afin que le trader puisse s'assurer qu'il obtient la meilleure ex\u00e9cution possible. <\/p>\n                    <\/div>\n\n                    \n                    <\/div>\n                <\/li>\n                    <\/ul>\n\t\t\t\t<\/div>\n\t\t\t\t<\/div>\n\t\t\t\t<div class=\"elementor-element elementor-element-60ee641 elementor-widget elementor-widget-image\" data-id=\"60ee641\" data-element_type=\"widget\" data-widget_type=\"image.default\">\n\t\t\t\t<div class=\"elementor-widget-container\">\n\t\t\t\t\t\t\t\t\t\t\t\t\t\t\t<img decoding=\"async\" width=\"258\" height=\"57\" src=\"https:\/\/olymptrade.ai\/wp-content\/uploads\/2025\/02\/regulation_verify.png\" class=\"attachment-large size-large wp-image-1338\" alt=\"\" srcset=\"https:\/\/olymptrade.ai\/wp-content\/uploads\/2025\/02\/regulation_verify.png 258w, https:\/\/olymptrade.ai\/wp-content\/uploads\/2025\/02\/regulation_verify-18x4.png 18w\" sizes=\"(max-width: 258px) 100vw, 258px\" \/>\t\t\t\t\t\t\t\t\t\t\t\t\t\t\t<\/div>\n\t\t\t\t<\/div>\n\t\t\t\t\t<\/div>\n\t\t<\/div>\n\t\t\t\t\t<\/div>\n\t\t<\/section>\n\t\t\t\t\t<\/div>\n\t\t<\/div>\n\t\t\t\t\t<\/div>\n\t\t<\/section>\n\t\t\t\t<\/div>","protected":false},"excerpt":{"rendered":"<p>Our Guarantees Olymptrade is a licensed and regulated broker by the Vanuatu Financial Services Commission. Olymptrade is committed to providing the highest quality of service. Our clients are covered by deposit insurance and have access to comprehensive support and prompt resolution of any issues concerning their financial interactions with Olymptrade. Financial Dealer License About the&#8230;<\/p>","protected":false},"author":1,"featured_media":0,"parent":0,"menu_order":0,"comment_status":"closed","ping_status":"open","template":"","meta":{"_kad_post_transparent":"","_kad_post_title":"hide","_kad_post_layout":"fullwidth","_kad_post_sidebar_id":"","_kad_post_content_style":"unboxed","_kad_post_vertical_padding":"hide","_kad_post_feature":"hide","_kad_post_feature_position":"","_kad_post_header":false,"_kad_post_footer":false,"footnotes":""},"class_list":["post-1331","page","type-page","status-publish","hentry"],"yoast_head":"<!-- This site is optimized with the Yoast SEO plugin v26.0 - https:\/\/yoast.com\/wordpress\/plugins\/seo\/ -->\n<title>Regulation - Olymp Trade<\/title>\n<meta name=\"description\" content=\"Olymptrade is a licensed and regulated broker by the Vanuatu Financial Services Commission. Olymptrade is committed to providing the highest quality of ...\" \/>\n<meta name=\"robots\" content=\"index, follow, max-snippet:-1, max-image-preview:large, max-video-preview:-1\" \/>\n<link rel=\"canonical\" href=\"https:\/\/olymptrade.ai\/fr\/reglement\/\" \/>\n<meta property=\"og:locale\" content=\"fr_FR\" \/>\n<meta property=\"og:type\" content=\"article\" \/>\n<meta property=\"og:title\" content=\"Regulation - Olymp Trade\" \/>\n<meta property=\"og:description\" content=\"Olymptrade is a licensed and regulated broker by the Vanuatu Financial Services Commission. Olymptrade is committed to providing the highest quality of ...\" \/>\n<meta property=\"og:url\" content=\"https:\/\/olymptrade.ai\/fr\/reglement\/\" \/>\n<meta property=\"og:site_name\" content=\"Olymp Trade\" \/>\n<meta property=\"article:publisher\" content=\"https:\/\/www.facebook.com\/olymptradecom\/\" \/>\n<meta property=\"article:modified_time\" content=\"2025-06-26T03:45:23+00:00\" \/>\n<meta property=\"og:image\" content=\"https:\/\/olymptrade.ai\/wp-content\/uploads\/2025\/02\/licen.jpg\" \/>\n\t<meta property=\"og:image:width\" content=\"781\" \/>\n\t<meta property=\"og:image:height\" content=\"1280\" \/>\n\t<meta property=\"og:image:type\" content=\"image\/jpeg\" \/>\n<meta name=\"twitter:card\" content=\"summary_large_image\" \/>\n<meta name=\"twitter:label1\" content=\"Dur\u00e9e de lecture estim\u00e9e\" \/>\n\t<meta name=\"twitter:data1\" content=\"2 minutes\" \/>\n<script type=\"application\/ld+json\" class=\"yoast-schema-graph\">{\"@context\":\"https:\/\/schema.org\",\"@graph\":[{\"@type\":\"WebPage\",\"@id\":\"https:\/\/olymptrade.ai\/regulation\/\",\"url\":\"https:\/\/olymptrade.ai\/regulation\/\",\"name\":\"Regulation - Olymp Trade\",\"isPartOf\":{\"@id\":\"https:\/\/olymptrade.ai\/#website\"},\"primaryImageOfPage\":{\"@id\":\"https:\/\/olymptrade.ai\/regulation\/#primaryimage\"},\"image\":{\"@id\":\"https:\/\/olymptrade.ai\/regulation\/#primaryimage\"},\"thumbnailUrl\":\"https:\/\/olymptrade.ai\/wp-content\/uploads\/2025\/02\/licen-625x1024.jpg\",\"datePublished\":\"2025-02-10T13:57:09+00:00\",\"dateModified\":\"2025-06-26T03:45:23+00:00\",\"description\":\"Olymptrade is a licensed and regulated broker by the Vanuatu Financial Services Commission. Olymptrade is committed to providing the highest quality of ...\",\"breadcrumb\":{\"@id\":\"https:\/\/olymptrade.ai\/regulation\/#breadcrumb\"},\"inLanguage\":\"fr-FR\",\"potentialAction\":[{\"@type\":\"ReadAction\",\"target\":[\"https:\/\/olymptrade.ai\/regulation\/\"]}]},{\"@type\":\"ImageObject\",\"inLanguage\":\"fr-FR\",\"@id\":\"https:\/\/olymptrade.ai\/regulation\/#primaryimage\",\"url\":\"https:\/\/olymptrade.ai\/wp-content\/uploads\/2025\/02\/licen-625x1024.jpg\",\"contentUrl\":\"https:\/\/olymptrade.ai\/wp-content\/uploads\/2025\/02\/licen-625x1024.jpg\"},{\"@type\":\"BreadcrumbList\",\"@id\":\"https:\/\/olymptrade.ai\/regulation\/#breadcrumb\",\"itemListElement\":[{\"@type\":\"ListItem\",\"position\":1,\"name\":\"Home\",\"item\":\"https:\/\/olymptrade.ai\/\"},{\"@type\":\"ListItem\",\"position\":2,\"name\":\"Regulation\"}]},{\"@type\":\"WebSite\",\"@id\":\"https:\/\/olymptrade.ai\/#website\",\"url\":\"https:\/\/olymptrade.ai\/\",\"name\":\"Olymptrade\",\"description\":\"Invest in Your Favorite Markets with Olymptrade\",\"publisher\":{\"@id\":\"https:\/\/olymptrade.ai\/#organization\"},\"potentialAction\":[{\"@type\":\"SearchAction\",\"target\":{\"@type\":\"EntryPoint\",\"urlTemplate\":\"https:\/\/olymptrade.ai\/?s={search_term_string}\"},\"query-input\":{\"@type\":\"PropertyValueSpecification\",\"valueRequired\":true,\"valueName\":\"search_term_string\"}}],\"inLanguage\":\"fr-FR\"},{\"@type\":\"Organization\",\"@id\":\"https:\/\/olymptrade.ai\/#organization\",\"name\":\"Olymptrade\",\"url\":\"https:\/\/olymptrade.ai\/\",\"logo\":{\"@type\":\"ImageObject\",\"inLanguage\":\"fr-FR\",\"@id\":\"https:\/\/olymptrade.ai\/#\/schema\/logo\/image\/\",\"url\":\"https:\/\/olymptrade.ai\/wp-content\/uploads\/2025\/02\/logo_olymp_trade_trading.png\",\"contentUrl\":\"https:\/\/olymptrade.ai\/wp-content\/uploads\/2025\/02\/logo_olymp_trade_trading.png\",\"width\":512,\"height\":512,\"caption\":\"Olymptrade\"},\"image\":{\"@id\":\"https:\/\/olymptrade.ai\/#\/schema\/logo\/image\/\"},\"sameAs\":[\"https:\/\/www.facebook.com\/olymptradecom\/\"]}]}<\/script>\n<!-- \/ Yoast SEO plugin. -->","yoast_head_json":{"title":"R\u00e9glementation - Commerce olympique","description":"Olymptrade est un courtier agr\u00e9\u00e9 et r\u00e9glement\u00e9 par la Commission des services financiers de Vanuatu. Olymptrade s'engage \u00e0 fournir la meilleure qualit\u00e9 de ...","robots":{"index":"index","follow":"follow","max-snippet":"max-snippet:-1","max-image-preview":"max-image-preview:large","max-video-preview":"max-video-preview:-1"},"canonical":"https:\/\/olymptrade.ai\/fr\/reglement\/","og_locale":"fr_FR","og_type":"article","og_title":"Regulation - Olymp Trade","og_description":"Olymptrade is a licensed and regulated broker by the Vanuatu Financial Services Commission. Olymptrade is committed to providing the highest quality of ...","og_url":"https:\/\/olymptrade.ai\/fr\/reglement\/","og_site_name":"Olymp Trade","article_publisher":"https:\/\/www.facebook.com\/olymptradecom\/","article_modified_time":"2025-06-26T03:45:23+00:00","og_image":[{"width":781,"height":1280,"url":"https:\/\/olymptrade.ai\/wp-content\/uploads\/2025\/02\/licen.jpg","type":"image\/jpeg"}],"twitter_card":"summary_large_image","twitter_misc":{"Dur\u00e9e de lecture estim\u00e9e":"2 minutes"},"schema":{"@context":"https:\/\/schema.org","@graph":[{"@type":"WebPage","@id":"https:\/\/olymptrade.ai\/regulation\/","url":"https:\/\/olymptrade.ai\/regulation\/","name":"R\u00e9glementation - Commerce olympique","isPartOf":{"@id":"https:\/\/olymptrade.ai\/#website"},"primaryImageOfPage":{"@id":"https:\/\/olymptrade.ai\/regulation\/#primaryimage"},"image":{"@id":"https:\/\/olymptrade.ai\/regulation\/#primaryimage"},"thumbnailUrl":"https:\/\/olymptrade.ai\/wp-content\/uploads\/2025\/02\/licen-625x1024.jpg","datePublished":"2025-02-10T13:57:09+00:00","dateModified":"2025-06-26T03:45:23+00:00","description":"Olymptrade est un courtier agr\u00e9\u00e9 et r\u00e9glement\u00e9 par la Commission des services financiers de Vanuatu. Olymptrade s'engage \u00e0 fournir la meilleure qualit\u00e9 de ...","breadcrumb":{"@id":"https:\/\/olymptrade.ai\/regulation\/#breadcrumb"},"inLanguage":"fr-FR","potentialAction":[{"@type":"ReadAction","target":["https:\/\/olymptrade.ai\/regulation\/"]}]},{"@type":"ImageObject","inLanguage":"fr-FR","@id":"https:\/\/olymptrade.ai\/regulation\/#primaryimage","url":"https:\/\/olymptrade.ai\/wp-content\/uploads\/2025\/02\/licen-625x1024.jpg","contentUrl":"https:\/\/olymptrade.ai\/wp-content\/uploads\/2025\/02\/licen-625x1024.jpg"},{"@type":"BreadcrumbList","@id":"https:\/\/olymptrade.ai\/regulation\/#breadcrumb","itemListElement":[{"@type":"ListItem","position":1,"name":"Home","item":"https:\/\/olymptrade.ai\/"},{"@type":"ListItem","position":2,"name":"Regulation"}]},{"@type":"WebSite","@id":"https:\/\/olymptrade.ai\/#website","url":"https:\/\/olymptrade.ai\/","name":"Olymptrade","description":"Investissez sur vos march\u00e9s pr\u00e9f\u00e9r\u00e9s avec Olymptrade","publisher":{"@id":"https:\/\/olymptrade.ai\/#organization"},"potentialAction":[{"@type":"SearchAction","target":{"@type":"EntryPoint","urlTemplate":"https:\/\/olymptrade.ai\/?s={search_term_string}"},"query-input":{"@type":"PropertyValueSpecification","valueRequired":true,"valueName":"search_term_string"}}],"inLanguage":"fr-FR"},{"@type":"Organization","@id":"https:\/\/olymptrade.ai\/#organization","name":"Olymptrade","url":"https:\/\/olymptrade.ai\/","logo":{"@type":"ImageObject","inLanguage":"fr-FR","@id":"https:\/\/olymptrade.ai\/#\/schema\/logo\/image\/","url":"https:\/\/olymptrade.ai\/wp-content\/uploads\/2025\/02\/logo_olymp_trade_trading.png","contentUrl":"https:\/\/olymptrade.ai\/wp-content\/uploads\/2025\/02\/logo_olymp_trade_trading.png","width":512,"height":512,"caption":"Olymptrade"},"image":{"@id":"https:\/\/olymptrade.ai\/#\/schema\/logo\/image\/"},"sameAs":["https:\/\/www.facebook.com\/olymptradecom\/"]}]}},"_links":{"self":[{"href":"https:\/\/olymptrade.ai\/fr\/wp-json\/wp\/v2\/pages\/1331","targetHints":{"allow":["GET"]}}],"collection":[{"href":"https:\/\/olymptrade.ai\/fr\/wp-json\/wp\/v2\/pages"}],"about":[{"href":"https:\/\/olymptrade.ai\/fr\/wp-json\/wp\/v2\/types\/page"}],"author":[{"embeddable":true,"href":"https:\/\/olymptrade.ai\/fr\/wp-json\/wp\/v2\/users\/1"}],"replies":[{"embeddable":true,"href":"https:\/\/olymptrade.ai\/fr\/wp-json\/wp\/v2\/comments?post=1331"}],"version-history":[{"count":0,"href":"https:\/\/olymptrade.ai\/fr\/wp-json\/wp\/v2\/pages\/1331\/revisions"}],"wp:attachment":[{"href":"https:\/\/olymptrade.ai\/fr\/wp-json\/wp\/v2\/media?parent=1331"}],"curies":[{"name":"wp","href":"https:\/\/api.w.org\/{rel}","templated":true}]}}