{"id":1208,"date":"2025-02-08T04:03:29","date_gmt":"2025-02-08T04:03:29","guid":{"rendered":"https:\/\/olymptrade.ai\/?page_id=1208"},"modified":"2025-06-26T03:48:51","modified_gmt":"2025-06-26T03:48:51","slug":"support","status":"publish","type":"page","link":"https:\/\/olymptrade.ai\/fr\/soutien\/","title":{"rendered":"Soutien"},"content":{"rendered":"<div data-elementor-type=\"wp-page\" data-elementor-id=\"1208\" class=\"elementor elementor-1208\">\n\t\t\t\t\t\t<section class=\"elementor-section elementor-top-section elementor-element elementor-element-fe99e37 elementor-section-boxed elementor-section-height-default elementor-section-height-default\" data-id=\"fe99e37\" data-element_type=\"section\">\n\t\t\t\t\t\t<div class=\"elementor-container elementor-column-gap-default\">\n\t\t\t\t\t<div class=\"elementor-column elementor-col-100 elementor-top-column elementor-element elementor-element-8674748\" data-id=\"8674748\" data-element_type=\"column\">\n\t\t\t<div class=\"elementor-widget-wrap elementor-element-populated\">\n\t\t\t\t\t\t<section class=\"elementor-section elementor-inner-section elementor-element elementor-element-b48b33e elementor-section-boxed elementor-section-height-default elementor-section-height-default\" data-id=\"b48b33e\" data-element_type=\"section\">\n\t\t\t\t\t\t<div class=\"elementor-container elementor-column-gap-default\">\n\t\t\t\t\t<div class=\"elementor-column elementor-col-50 elementor-inner-column elementor-element elementor-element-6f85a05\" data-id=\"6f85a05\" data-element_type=\"column\">\n\t\t\t<div class=\"elementor-widget-wrap elementor-element-populated\">\n\t\t\t\t\t\t<div class=\"elementor-element elementor-element-78974e4 elementor-widget elementor-widget-heading\" data-id=\"78974e4\" data-element_type=\"widget\" data-widget_type=\"heading.default\">\n\t\t\t\t<div class=\"elementor-widget-container\">\n\t\t\t\t\t<h1 class=\"elementor-heading-title elementor-size-default\">Soutien<\/h1>\t\t\t\t<\/div>\n\t\t\t\t<\/div>\n\t\t\t\t<div class=\"elementor-element elementor-element-cf880c0 elementor-widget elementor-widget-text-editor\" data-id=\"cf880c0\" data-element_type=\"widget\" data-widget_type=\"text-editor.default\">\n\t\t\t\t<div class=\"elementor-widget-container\">\n\t\t\t\t\t\t\t\t\t<p>Besoin d'aide ? Nous sommes \u00e0 votre disposition 24 heures sur 24, 7 jours sur 7. Contactez-nous par chat, e-mail ou t\u00e9l\u00e9phone, et l'\u00e9quipe d'assistance client\u00e8le d'Olymptrade se fera un plaisir de vous aider.<\/p>\t\t\t\t\t\t\t\t<\/div>\n\t\t\t\t<\/div>\n\t\t\t\t<div class=\"elementor-element elementor-element-8e3beb1 ui-e-align-left ui-e-top ui-e-align-tablet-center ui-e-align-mobile-center elementor-widget elementor-widget-uicore-icon-box\" data-id=\"8e3beb1\" data-element_type=\"widget\" data-settings=\"{&quot;position&quot;:&quot;top&quot;,&quot;readmore&quot;:&quot;yes&quot;,&quot;content_padding&quot;:{&quot;unit&quot;:&quot;px&quot;,&quot;top&quot;:&quot;&quot;,&quot;right&quot;:&quot;&quot;,&quot;bottom&quot;:&quot;&quot;,&quot;left&quot;:&quot;&quot;,&quot;isLinked&quot;:true},&quot;content_padding_tablet&quot;:{&quot;unit&quot;:&quot;px&quot;,&quot;top&quot;:&quot;&quot;,&quot;right&quot;:&quot;&quot;,&quot;bottom&quot;:&quot;&quot;,&quot;left&quot;:&quot;&quot;,&quot;isLinked&quot;:true},&quot;content_padding_mobile&quot;:{&quot;unit&quot;:&quot;px&quot;,&quot;top&quot;:&quot;&quot;,&quot;right&quot;:&quot;&quot;,&quot;bottom&quot;:&quot;&quot;,&quot;left&quot;:&quot;&quot;,&quot;isLinked&quot;:true}}\" data-widget_type=\"uicore-icon-box.default\">\n\t\t\t\t<div class=\"elementor-widget-container\">\n\t\t\t\t\t\n        <div class=\"ui-e-ico-box\" >\n\n            \n            <div class='ui-e-flex-wrp'>\n\n                                    <div class=\"ui-e-icon-wrp\">\n\n                        <i aria-hidden=\"true\" class=\"xlio ion-ios-chatbubbles\"><\/i>\n                    <\/div>\n                \n                <div class=\"ui-e-title-wrp\"><h4 class=\"ui-e-title\">Chat en ligne<\/h4><\/div>\n            <\/div>\n\n            <div class=\"ui-e-box-content\">\n                \n                <div class=\"ui-e-description\">\n                                    <\/div>\n\n                                    <a href=\"https:\/\/olymptrade.ai\/fr\/register\/\"class=\"ui-e-readmore\">\n\n                        D\u00e9marrer le chat                                            <\/a>\n                \n            <\/div>\n        <\/div>\n\t\t\t\t<\/div>\n\t\t\t\t<\/div>\n\t\t\t\t<div class=\"elementor-element elementor-element-9d3d349 ui-e-align-left ui-e-top ui-e-align-tablet-center ui-e-align-mobile-center elementor-widget elementor-widget-uicore-icon-box\" data-id=\"9d3d349\" data-element_type=\"widget\" data-settings=\"{&quot;position&quot;:&quot;top&quot;,&quot;content_padding&quot;:{&quot;unit&quot;:&quot;px&quot;,&quot;top&quot;:&quot;&quot;,&quot;right&quot;:&quot;&quot;,&quot;bottom&quot;:&quot;&quot;,&quot;left&quot;:&quot;&quot;,&quot;isLinked&quot;:true},&quot;content_padding_tablet&quot;:{&quot;unit&quot;:&quot;px&quot;,&quot;top&quot;:&quot;&quot;,&quot;right&quot;:&quot;&quot;,&quot;bottom&quot;:&quot;&quot;,&quot;left&quot;:&quot;&quot;,&quot;isLinked&quot;:true},&quot;content_padding_mobile&quot;:{&quot;unit&quot;:&quot;px&quot;,&quot;top&quot;:&quot;&quot;,&quot;right&quot;:&quot;&quot;,&quot;bottom&quot;:&quot;&quot;,&quot;left&quot;:&quot;&quot;,&quot;isLinked&quot;:true}}\" data-widget_type=\"uicore-icon-box.default\">\n\t\t\t\t<div class=\"elementor-widget-container\">\n\t\t\t\t\t\n        <div class=\"ui-e-ico-box\" >\n\n            \n            <div class='ui-e-flex-wrp'>\n\n                                    <div class=\"ui-e-icon-wrp\">\n\n                        <i aria-hidden=\"true\" class=\"xlio ion-ios-mail-unread\"><\/i>\n                    <\/div>\n                \n                <div class=\"ui-e-title-wrp\"><h4 class=\"ui-e-title\">support-en@olymptrade.com<\/h4><\/div>\n            <\/div>\n\n            <div class=\"ui-e-box-content\">\n                \n                <div class=\"ui-e-description\">\n                    <p>Posez une question et nous vous r\u00e9pondrons dans un d\u00e9lai d'un jour ouvrable.<\/p>                <\/div>\n\n                \n            <\/div>\n        <\/div>\n\t\t\t\t<\/div>\n\t\t\t\t<\/div>\n\t\t\t\t\t<\/div>\n\t\t<\/div>\n\t\t\t\t<div class=\"elementor-column elementor-col-50 elementor-inner-column elementor-element elementor-element-be3a874\" data-id=\"be3a874\" data-element_type=\"column\">\n\t\t\t<div class=\"elementor-widget-wrap elementor-element-populated\">\n\t\t\t\t\t\t<div class=\"elementor-element elementor-element-f6d7e55 elementor-widget elementor-widget-image\" data-id=\"f6d7e55\" data-element_type=\"widget\" data-widget_type=\"image.default\">\n\t\t\t\t<div class=\"elementor-widget-container\">\n\t\t\t\t\t\t\t\t\t\t\t\t\t\t\t<img fetchpriority=\"high\" decoding=\"async\" width=\"799\" height=\"840\" src=\"https:\/\/olymptrade.ai\/wp-content\/uploads\/2025\/02\/support_info.png\" class=\"attachment-large size-large wp-image-1210\" alt=\"\" srcset=\"https:\/\/olymptrade.ai\/wp-content\/uploads\/2025\/02\/support_info.png 799w, https:\/\/olymptrade.ai\/wp-content\/uploads\/2025\/02\/support_info-285x300.png 285w, https:\/\/olymptrade.ai\/wp-content\/uploads\/2025\/02\/support_info-768x807.png 768w, https:\/\/olymptrade.ai\/wp-content\/uploads\/2025\/02\/support_info-11x12.png 11w\" sizes=\"(max-width: 799px) 100vw, 799px\" \/>\t\t\t\t\t\t\t\t\t\t\t\t\t\t\t<\/div>\n\t\t\t\t<\/div>\n\t\t\t\t\t<\/div>\n\t\t<\/div>\n\t\t\t\t\t<\/div>\n\t\t<\/section>\n\t\t\t\t\t<\/div>\n\t\t<\/div>\n\t\t\t\t\t<\/div>\n\t\t<\/section>\n\t\t\t\t<\/div>","protected":false},"excerpt":{"rendered":"<p>Support Need help? We&#8217;re here for you 24\/7. Reach out to us via chat, email or phone hotline, and the Olymptrade client support team will be glad to assist you. Chat online Start chat support-en@olymptrade.com Ask a question and we&#8217;ll respond within one business day<\/p>","protected":false},"author":1,"featured_media":0,"parent":0,"menu_order":0,"comment_status":"closed","ping_status":"open","template":"","meta":{"_kad_post_transparent":"","_kad_post_title":"hide","_kad_post_layout":"fullwidth","_kad_post_sidebar_id":"","_kad_post_content_style":"unboxed","_kad_post_vertical_padding":"hide","_kad_post_feature":"hide","_kad_post_feature_position":"","_kad_post_header":false,"_kad_post_footer":false,"footnotes":""},"class_list":["post-1208","page","type-page","status-publish","hentry"],"yoast_head":"<!-- This site is optimized with the Yoast SEO plugin v26.0 - https:\/\/yoast.com\/wordpress\/plugins\/seo\/ -->\n<title>Support - Olymp Trade<\/title>\n<meta name=\"description\" content=\"Need help? We\u2019re here for you 24\/7. Reach out to us via chat, email or phone hotline, and the Olymptrade client support team will be glad to assist you.\" \/>\n<meta name=\"robots\" content=\"index, follow, max-snippet:-1, max-image-preview:large, max-video-preview:-1\" \/>\n<link rel=\"canonical\" href=\"https:\/\/olymptrade.ai\/fr\/soutien\/\" \/>\n<meta property=\"og:locale\" content=\"fr_FR\" \/>\n<meta property=\"og:type\" content=\"article\" \/>\n<meta property=\"og:title\" content=\"Support - Olymp Trade\" \/>\n<meta property=\"og:description\" content=\"Need help? We\u2019re here for you 24\/7. Reach out to us via chat, email or phone hotline, and the Olymptrade client support team will be glad to assist you.\" \/>\n<meta property=\"og:url\" content=\"https:\/\/olymptrade.ai\/fr\/soutien\/\" \/>\n<meta property=\"og:site_name\" content=\"Olymp Trade\" \/>\n<meta property=\"article:publisher\" content=\"https:\/\/www.facebook.com\/olymptradecom\/\" \/>\n<meta property=\"article:modified_time\" content=\"2025-06-26T03:48:51+00:00\" \/>\n<meta property=\"og:image\" content=\"https:\/\/olymptrade.ai\/wp-content\/uploads\/2025\/02\/support_info.png\" \/>\n\t<meta property=\"og:image:width\" content=\"799\" \/>\n\t<meta property=\"og:image:height\" content=\"840\" \/>\n\t<meta property=\"og:image:type\" content=\"image\/png\" \/>\n<meta name=\"twitter:card\" content=\"summary_large_image\" \/>\n<meta name=\"twitter:label1\" content=\"Dur\u00e9e de lecture estim\u00e9e\" \/>\n\t<meta name=\"twitter:data1\" content=\"1 minute\" \/>\n<script type=\"application\/ld+json\" class=\"yoast-schema-graph\">{\"@context\":\"https:\/\/schema.org\",\"@graph\":[{\"@type\":[\"WebPage\",\"ContactPage\"],\"@id\":\"https:\/\/olymptrade.ai\/support\/\",\"url\":\"https:\/\/olymptrade.ai\/support\/\",\"name\":\"Support - Olymp Trade\",\"isPartOf\":{\"@id\":\"https:\/\/olymptrade.ai\/#website\"},\"primaryImageOfPage\":{\"@id\":\"https:\/\/olymptrade.ai\/support\/#primaryimage\"},\"image\":{\"@id\":\"https:\/\/olymptrade.ai\/support\/#primaryimage\"},\"thumbnailUrl\":\"https:\/\/olymptrade.ai\/wp-content\/uploads\/2025\/02\/support_info.png\",\"datePublished\":\"2025-02-08T04:03:29+00:00\",\"dateModified\":\"2025-06-26T03:48:51+00:00\",\"description\":\"Need help? We\u2019re here for you 24\/7. Reach out to us via chat, email or phone hotline, and the Olymptrade client support team will be glad to assist you.\",\"breadcrumb\":{\"@id\":\"https:\/\/olymptrade.ai\/support\/#breadcrumb\"},\"inLanguage\":\"fr-FR\",\"potentialAction\":[{\"@type\":\"ReadAction\",\"target\":[\"https:\/\/olymptrade.ai\/support\/\"]}]},{\"@type\":\"ImageObject\",\"inLanguage\":\"fr-FR\",\"@id\":\"https:\/\/olymptrade.ai\/support\/#primaryimage\",\"url\":\"https:\/\/olymptrade.ai\/wp-content\/uploads\/2025\/02\/support_info.png\",\"contentUrl\":\"https:\/\/olymptrade.ai\/wp-content\/uploads\/2025\/02\/support_info.png\"},{\"@type\":\"BreadcrumbList\",\"@id\":\"https:\/\/olymptrade.ai\/support\/#breadcrumb\",\"itemListElement\":[{\"@type\":\"ListItem\",\"position\":1,\"name\":\"Home\",\"item\":\"https:\/\/olymptrade.ai\/\"},{\"@type\":\"ListItem\",\"position\":2,\"name\":\"Support\"}]},{\"@type\":\"WebSite\",\"@id\":\"https:\/\/olymptrade.ai\/#website\",\"url\":\"https:\/\/olymptrade.ai\/\",\"name\":\"Olymptrade\",\"description\":\"Invest in Your Favorite Markets with Olymptrade\",\"publisher\":{\"@id\":\"https:\/\/olymptrade.ai\/#organization\"},\"potentialAction\":[{\"@type\":\"SearchAction\",\"target\":{\"@type\":\"EntryPoint\",\"urlTemplate\":\"https:\/\/olymptrade.ai\/?s={search_term_string}\"},\"query-input\":{\"@type\":\"PropertyValueSpecification\",\"valueRequired\":true,\"valueName\":\"search_term_string\"}}],\"inLanguage\":\"fr-FR\"},{\"@type\":\"Organization\",\"@id\":\"https:\/\/olymptrade.ai\/#organization\",\"name\":\"Olymptrade\",\"url\":\"https:\/\/olymptrade.ai\/\",\"logo\":{\"@type\":\"ImageObject\",\"inLanguage\":\"fr-FR\",\"@id\":\"https:\/\/olymptrade.ai\/#\/schema\/logo\/image\/\",\"url\":\"https:\/\/olymptrade.ai\/wp-content\/uploads\/2025\/02\/logo_olymp_trade_trading.png\",\"contentUrl\":\"https:\/\/olymptrade.ai\/wp-content\/uploads\/2025\/02\/logo_olymp_trade_trading.png\",\"width\":512,\"height\":512,\"caption\":\"Olymptrade\"},\"image\":{\"@id\":\"https:\/\/olymptrade.ai\/#\/schema\/logo\/image\/\"},\"sameAs\":[\"https:\/\/www.facebook.com\/olymptradecom\/\"]}]}<\/script>\n<!-- \/ Yoast SEO plugin. -->","yoast_head_json":{"title":"Support - Olymp Trade","description":"Besoin d'aide ? Nous sommes \u00e0 votre disposition 24 heures sur 24, 7 jours sur 7. Contactez-nous par chat, e-mail ou t\u00e9l\u00e9phone, et l'\u00e9quipe d'assistance client\u00e8le d'Olymptrade se fera un plaisir de vous aider.","robots":{"index":"index","follow":"follow","max-snippet":"max-snippet:-1","max-image-preview":"max-image-preview:large","max-video-preview":"max-video-preview:-1"},"canonical":"https:\/\/olymptrade.ai\/fr\/soutien\/","og_locale":"fr_FR","og_type":"article","og_title":"Support - Olymp Trade","og_description":"Need help? We\u2019re here for you 24\/7. Reach out to us via chat, email or phone hotline, and the Olymptrade client support team will be glad to assist you.","og_url":"https:\/\/olymptrade.ai\/fr\/soutien\/","og_site_name":"Olymp Trade","article_publisher":"https:\/\/www.facebook.com\/olymptradecom\/","article_modified_time":"2025-06-26T03:48:51+00:00","og_image":[{"width":799,"height":840,"url":"https:\/\/olymptrade.ai\/wp-content\/uploads\/2025\/02\/support_info.png","type":"image\/png"}],"twitter_card":"summary_large_image","twitter_misc":{"Dur\u00e9e de lecture estim\u00e9e":"1 minute"},"schema":{"@context":"https:\/\/schema.org","@graph":[{"@type":["WebPage","ContactPage"],"@id":"https:\/\/olymptrade.ai\/support\/","url":"https:\/\/olymptrade.ai\/support\/","name":"Support - Olymp Trade","isPartOf":{"@id":"https:\/\/olymptrade.ai\/#website"},"primaryImageOfPage":{"@id":"https:\/\/olymptrade.ai\/support\/#primaryimage"},"image":{"@id":"https:\/\/olymptrade.ai\/support\/#primaryimage"},"thumbnailUrl":"https:\/\/olymptrade.ai\/wp-content\/uploads\/2025\/02\/support_info.png","datePublished":"2025-02-08T04:03:29+00:00","dateModified":"2025-06-26T03:48:51+00:00","description":"Besoin d'aide ? Nous sommes \u00e0 votre disposition 24 heures sur 24, 7 jours sur 7. Contactez-nous par chat, e-mail ou t\u00e9l\u00e9phone, et l'\u00e9quipe d'assistance client\u00e8le d'Olymptrade se fera un plaisir de vous aider.","breadcrumb":{"@id":"https:\/\/olymptrade.ai\/support\/#breadcrumb"},"inLanguage":"fr-FR","potentialAction":[{"@type":"ReadAction","target":["https:\/\/olymptrade.ai\/support\/"]}]},{"@type":"ImageObject","inLanguage":"fr-FR","@id":"https:\/\/olymptrade.ai\/support\/#primaryimage","url":"https:\/\/olymptrade.ai\/wp-content\/uploads\/2025\/02\/support_info.png","contentUrl":"https:\/\/olymptrade.ai\/wp-content\/uploads\/2025\/02\/support_info.png"},{"@type":"BreadcrumbList","@id":"https:\/\/olymptrade.ai\/support\/#breadcrumb","itemListElement":[{"@type":"ListItem","position":1,"name":"Home","item":"https:\/\/olymptrade.ai\/"},{"@type":"ListItem","position":2,"name":"Support"}]},{"@type":"WebSite","@id":"https:\/\/olymptrade.ai\/#website","url":"https:\/\/olymptrade.ai\/","name":"Olymptrade","description":"Investissez sur vos march\u00e9s pr\u00e9f\u00e9r\u00e9s avec Olymptrade","publisher":{"@id":"https:\/\/olymptrade.ai\/#organization"},"potentialAction":[{"@type":"SearchAction","target":{"@type":"EntryPoint","urlTemplate":"https:\/\/olymptrade.ai\/?s={search_term_string}"},"query-input":{"@type":"PropertyValueSpecification","valueRequired":true,"valueName":"search_term_string"}}],"inLanguage":"fr-FR"},{"@type":"Organization","@id":"https:\/\/olymptrade.ai\/#organization","name":"Olymptrade","url":"https:\/\/olymptrade.ai\/","logo":{"@type":"ImageObject","inLanguage":"fr-FR","@id":"https:\/\/olymptrade.ai\/#\/schema\/logo\/image\/","url":"https:\/\/olymptrade.ai\/wp-content\/uploads\/2025\/02\/logo_olymp_trade_trading.png","contentUrl":"https:\/\/olymptrade.ai\/wp-content\/uploads\/2025\/02\/logo_olymp_trade_trading.png","width":512,"height":512,"caption":"Olymptrade"},"image":{"@id":"https:\/\/olymptrade.ai\/#\/schema\/logo\/image\/"},"sameAs":["https:\/\/www.facebook.com\/olymptradecom\/"]}]}},"_links":{"self":[{"href":"https:\/\/olymptrade.ai\/fr\/wp-json\/wp\/v2\/pages\/1208","targetHints":{"allow":["GET"]}}],"collection":[{"href":"https:\/\/olymptrade.ai\/fr\/wp-json\/wp\/v2\/pages"}],"about":[{"href":"https:\/\/olymptrade.ai\/fr\/wp-json\/wp\/v2\/types\/page"}],"author":[{"embeddable":true,"href":"https:\/\/olymptrade.ai\/fr\/wp-json\/wp\/v2\/users\/1"}],"replies":[{"embeddable":true,"href":"https:\/\/olymptrade.ai\/fr\/wp-json\/wp\/v2\/comments?post=1208"}],"version-history":[{"count":0,"href":"https:\/\/olymptrade.ai\/fr\/wp-json\/wp\/v2\/pages\/1208\/revisions"}],"wp:attachment":[{"href":"https:\/\/olymptrade.ai\/fr\/wp-json\/wp\/v2\/media?parent=1208"}],"curies":[{"name":"wp","href":"https:\/\/api.w.org\/{rel}","templated":true}]}}