{"id":1187,"date":"2025-02-08T03:08:43","date_gmt":"2025-02-08T03:08:43","guid":{"rendered":"https:\/\/olymptrade.ai\/?page_id=1187"},"modified":"2025-06-26T03:30:26","modified_gmt":"2025-06-26T03:30:26","slug":"awards","status":"publish","type":"page","link":"https:\/\/olymptrade.ai\/fr\/recompenses\/","title":{"rendered":"Prix"},"content":{"rendered":"<div data-elementor-type=\"wp-page\" data-elementor-id=\"1187\" class=\"elementor elementor-1187\">\n\t\t\t\t\t\t<section class=\"elementor-section elementor-top-section elementor-element elementor-element-a800dfc elementor-section-boxed elementor-section-height-default elementor-section-height-default\" data-id=\"a800dfc\" data-element_type=\"section\">\n\t\t\t\t\t\t<div class=\"elementor-container elementor-column-gap-default\">\n\t\t\t\t\t<div class=\"elementor-column elementor-col-100 elementor-top-column elementor-element elementor-element-be99458\" data-id=\"be99458\" data-element_type=\"column\">\n\t\t\t<div class=\"elementor-widget-wrap elementor-element-populated\">\n\t\t\t\t\t\t<section class=\"elementor-section elementor-inner-section elementor-element elementor-element-b69a6c5 elementor-section-boxed elementor-section-height-default elementor-section-height-default\" data-id=\"b69a6c5\" data-element_type=\"section\">\n\t\t\t\t\t\t<div class=\"elementor-container elementor-column-gap-default\">\n\t\t\t\t\t<div class=\"elementor-column elementor-col-50 elementor-inner-column elementor-element elementor-element-d367a86\" data-id=\"d367a86\" data-element_type=\"column\">\n\t\t\t<div class=\"elementor-widget-wrap elementor-element-populated\">\n\t\t\t\t\t\t<div class=\"elementor-element elementor-element-457d0a5 elementor-widget elementor-widget-heading\" data-id=\"457d0a5\" data-element_type=\"widget\" data-widget_type=\"heading.default\">\n\t\t\t\t<div class=\"elementor-widget-container\">\n\t\t\t\t\t<h1 class=\"elementor-heading-title elementor-size-default\">Une plateforme prim\u00e9e<\/h1>\t\t\t\t<\/div>\n\t\t\t\t<\/div>\n\t\t\t\t<div class=\"elementor-element elementor-element-8ce420d elementor-widget elementor-widget-text-editor\" data-id=\"8ce420d\" data-element_type=\"widget\" data-widget_type=\"text-editor.default\">\n\t\t\t\t<div class=\"elementor-widget-container\">\n\t\t\t\t\t\t\t\t\t<p>Chez Olymptrade, nous nous effor\u00e7ons constamment d'am\u00e9liorer l'exp\u00e9rience de nos traders, et c'est pourquoi nous avons re\u00e7u de nombreuses r\u00e9compenses au fil des ans de la part d'organisations internationales de courtage et de finance. Les r\u00e9compenses ci-dessous ne sont que quelques-unes des raisons pour lesquelles des millions de traders dans le monde entier font confiance \u00e0 notre plateforme pour trader et investir.<\/p>\t\t\t\t\t\t\t\t<\/div>\n\t\t\t\t<\/div>\n\t\t\t\t\t<\/div>\n\t\t<\/div>\n\t\t\t\t<div class=\"elementor-column elementor-col-50 elementor-inner-column elementor-element elementor-element-eb4546d\" data-id=\"eb4546d\" data-element_type=\"column\">\n\t\t\t<div class=\"elementor-widget-wrap elementor-element-populated\">\n\t\t\t\t\t\t<div class=\"elementor-element elementor-element-76a7e68 elementor-widget elementor-widget-image\" data-id=\"76a7e68\" data-element_type=\"widget\" data-widget_type=\"image.default\">\n\t\t\t\t<div class=\"elementor-widget-container\">\n\t\t\t\t\t\t\t\t\t\t\t\t\t\t\t<img fetchpriority=\"high\" decoding=\"async\" width=\"613\" height=\"552\" src=\"https:\/\/olymptrade.ai\/wp-content\/uploads\/2025\/02\/awards_page_bg_600.png\" class=\"attachment-large size-large wp-image-1190\" alt=\"r\u00e9compenses\" srcset=\"https:\/\/olymptrade.ai\/wp-content\/uploads\/2025\/02\/awards_page_bg_600.png 613w, https:\/\/olymptrade.ai\/wp-content\/uploads\/2025\/02\/awards_page_bg_600-300x270.png 300w, https:\/\/olymptrade.ai\/wp-content\/uploads\/2025\/02\/awards_page_bg_600-13x12.png 13w\" sizes=\"(max-width: 613px) 100vw, 613px\" \/>\t\t\t\t\t\t\t\t\t\t\t\t\t\t\t<\/div>\n\t\t\t\t<\/div>\n\t\t\t\t\t<\/div>\n\t\t<\/div>\n\t\t\t\t\t<\/div>\n\t\t<\/section>\n\t\t\t\t\t<\/div>\n\t\t<\/div>\n\t\t\t\t\t<\/div>\n\t\t<\/section>\n\t\t\t\t<section class=\"elementor-section elementor-top-section elementor-element elementor-element-b41dcd6 elementor-section-boxed elementor-section-height-default elementor-section-height-default\" data-id=\"b41dcd6\" data-element_type=\"section\">\n\t\t\t\t\t\t<div class=\"elementor-container elementor-column-gap-default\">\n\t\t\t\t\t<div class=\"elementor-column elementor-col-100 elementor-top-column elementor-element elementor-element-76a9b92\" data-id=\"76a9b92\" data-element_type=\"column\">\n\t\t\t<div class=\"elementor-widget-wrap elementor-element-populated\">\n\t\t\t\t\t\t<div class=\"elementor-element elementor-element-39661e8 elementor-tabs-alignment-stretch elementor-tabs-view-horizontal elementor-widget elementor-widget-tabs\" data-id=\"39661e8\" data-element_type=\"widget\" data-widget_type=\"tabs.default\">\n\t\t\t\t<div class=\"elementor-widget-container\">\n\t\t\t\t\t\t\t<div class=\"elementor-tabs\">\n\t\t\t<div class=\"elementor-tabs-wrapper\" role=\"tablist\" >\n\t\t\t\t\t\t\t\t\t<div id=\"elementor-tab-title-6011\" class=\"elementor-tab-title elementor-tab-desktop-title\" aria-selected=\"true\" data-tab=\"1\" role=\"tab\" tabindex=\"0\" aria-controls=\"elementor-tab-content-6011\" aria-expanded=\"false\">2023<\/div>\n\t\t\t\t\t\t\t\t\t<div id=\"elementor-tab-title-6012\" class=\"elementor-tab-title elementor-tab-desktop-title\" aria-selected=\"false\" data-tab=\"2\" role=\"tab\" tabindex=\"-1\" aria-controls=\"elementor-tab-content-6012\" aria-expanded=\"false\">2021<\/div>\n\t\t\t\t\t\t\t\t\t<div id=\"elementor-tab-title-6013\" class=\"elementor-tab-title elementor-tab-desktop-title\" aria-selected=\"false\" data-tab=\"3\" role=\"tab\" tabindex=\"-1\" aria-controls=\"elementor-tab-content-6013\" aria-expanded=\"false\">2020<\/div>\n\t\t\t\t\t\t\t\t\t<div id=\"elementor-tab-title-6014\" class=\"elementor-tab-title elementor-tab-desktop-title\" aria-selected=\"false\" data-tab=\"4\" role=\"tab\" tabindex=\"-1\" aria-controls=\"elementor-tab-content-6014\" aria-expanded=\"false\">2019<\/div>\n\t\t\t\t\t\t\t\t\t<div id=\"elementor-tab-title-6015\" class=\"elementor-tab-title elementor-tab-desktop-title\" aria-selected=\"false\" data-tab=\"5\" role=\"tab\" tabindex=\"-1\" aria-controls=\"elementor-tab-content-6015\" aria-expanded=\"false\">2018<\/div>\n\t\t\t\t\t\t\t\t\t<div id=\"elementor-tab-title-6016\" class=\"elementor-tab-title elementor-tab-desktop-title\" aria-selected=\"false\" data-tab=\"6\" role=\"tab\" tabindex=\"-1\" aria-controls=\"elementor-tab-content-6016\" aria-expanded=\"false\">2017<\/div>\n\t\t\t\t\t\t\t\t\t<div id=\"elementor-tab-title-6017\" class=\"elementor-tab-title elementor-tab-desktop-title\" aria-selected=\"false\" data-tab=\"7\" role=\"tab\" tabindex=\"-1\" aria-controls=\"elementor-tab-content-6017\" aria-expanded=\"false\">2016<\/div>\n\t\t\t\t\t\t\t<\/div>\n\t\t\t<div class=\"elementor-tabs-content-wrapper\" role=\"tablist\" aria-orientation=\"vertical\">\n\t\t\t\t\t\t\t\t\t<div class=\"elementor-tab-title elementor-tab-mobile-title\" aria-selected=\"true\" data-tab=\"1\" role=\"tab\" tabindex=\"0\" aria-controls=\"elementor-tab-content-6011\" aria-expanded=\"false\">2023<\/div>\n\t\t\t\t\t<div id=\"elementor-tab-content-6011\" class=\"elementor-tab-content elementor-clearfix\" data-tab=\"1\" role=\"tabpanel\" aria-labelledby=\"elementor-tab-title-6011\" tabindex=\"0\" hidden=\"false\"><p><strong>Le courtier le plus transparent <\/strong>Finance mondiale<br \/>Magazine, 2023<\/p><\/div>\n\t\t\t\t\t\t\t\t\t<div class=\"elementor-tab-title elementor-tab-mobile-title\" aria-selected=\"false\" data-tab=\"2\" role=\"tab\" tabindex=\"-1\" aria-controls=\"elementor-tab-content-6012\" aria-expanded=\"false\">2021<\/div>\n\t\t\t\t\t<div id=\"elementor-tab-content-6012\" class=\"elementor-tab-content elementor-clearfix\" data-tab=\"2\" role=\"tabpanel\" aria-labelledby=\"elementor-tab-title-6012\" tabindex=\"0\" hidden=\"hidden\"><p><strong>Meilleure plateforme de trading mobile <\/strong>Prix de la finance mondiale,<br \/>2021<\/p><p><strong>Meilleur courtier en investissement <\/strong>Prix des courtiers en devises,<br \/>2021<\/p><\/div>\n\t\t\t\t\t\t\t\t\t<div class=\"elementor-tab-title elementor-tab-mobile-title\" aria-selected=\"false\" data-tab=\"3\" role=\"tab\" tabindex=\"-1\" aria-controls=\"elementor-tab-content-6013\" aria-expanded=\"false\">2020<\/div>\n\t\t\t\t\t<div id=\"elementor-tab-content-6013\" class=\"elementor-tab-content elementor-clearfix\" data-tab=\"3\" role=\"tabpanel\" aria-labelledby=\"elementor-tab-title-6013\" tabindex=\"0\" hidden=\"hidden\"><p><strong>Meilleure plateforme de trading <\/strong>Expo Forex de Duba\u00ef,<br \/>2020<\/p><\/div>\n\t\t\t\t\t\t\t\t\t<div class=\"elementor-tab-title elementor-tab-mobile-title\" aria-selected=\"false\" data-tab=\"4\" role=\"tab\" tabindex=\"-1\" aria-controls=\"elementor-tab-content-6014\" aria-expanded=\"false\">2019<\/div>\n\t\t\t\t\t<div id=\"elementor-tab-content-6014\" class=\"elementor-tab-content elementor-clearfix\" data-tab=\"4\" role=\"tabpanel\" aria-labelledby=\"elementor-tab-title-6014\" tabindex=\"0\" hidden=\"hidden\"><p><strong>Meilleur courtier aux Philippines <\/strong>Salon des commer\u00e7ants,<br \/>2019<\/p><\/div>\n\t\t\t\t\t\t\t\t\t<div class=\"elementor-tab-title elementor-tab-mobile-title\" aria-selected=\"false\" data-tab=\"5\" role=\"tab\" tabindex=\"-1\" aria-controls=\"elementor-tab-content-6015\" aria-expanded=\"false\">2018<\/div>\n\t\t\t\t\t<div id=\"elementor-tab-content-6015\" class=\"elementor-tab-content elementor-clearfix\" data-tab=\"5\" role=\"tabpanel\" aria-labelledby=\"elementor-tab-title-6015\" tabindex=\"0\" hidden=\"hidden\"><p><strong>Meilleure plateforme de trading (Forex) en Asie <\/strong>Prix IAIR\/Le Fonti,<br \/>2018<\/p><p><strong>Meilleure plateforme de trading <\/strong>Prix TheForeX,<br \/>2018<\/p><\/div>\n\t\t\t\t\t\t\t\t\t<div class=\"elementor-tab-title elementor-tab-mobile-title\" aria-selected=\"false\" data-tab=\"6\" role=\"tab\" tabindex=\"-1\" aria-controls=\"elementor-tab-content-6016\" aria-expanded=\"false\">2017<\/div>\n\t\t\t\t\t<div id=\"elementor-tab-content-6016\" class=\"elementor-tab-content elementor-clearfix\" data-tab=\"6\" role=\"tabpanel\" aria-labelledby=\"elementor-tab-title-6016\" tabindex=\"0\" hidden=\"hidden\"><p><strong>Courtier innovant <\/strong>Prix IAFT, 2017<\/p><p><strong>Meilleur courtier financier <\/strong>Prix CPA Life,<br \/>2017<\/p><\/div>\n\t\t\t\t\t\t\t\t\t<div class=\"elementor-tab-title elementor-tab-mobile-title\" aria-selected=\"false\" data-tab=\"7\" role=\"tab\" tabindex=\"-1\" aria-controls=\"elementor-tab-content-6017\" aria-expanded=\"false\">2016<\/div>\n\t\t\t\t\t<div id=\"elementor-tab-content-6017\" class=\"elementor-tab-content elementor-clearfix\" data-tab=\"7\" role=\"tabpanel\" aria-labelledby=\"elementor-tab-title-6017\" tabindex=\"0\" hidden=\"hidden\"><p><strong>Courtier \u00e0 la croissance la plus rapide<\/strong> ShowFx World, 2016<\/p><\/div>\n\t\t\t\t\t\t\t<\/div>\n\t\t<\/div>\n\t\t\t\t\t\t<\/div>\n\t\t\t\t<\/div>\n\t\t\t\t\t<\/div>\n\t\t<\/div>\n\t\t\t\t\t<\/div>\n\t\t<\/section>\n\t\t\t\t<\/div>","protected":false},"excerpt":{"rendered":"<p>Award-winning platform We at Olymptrade constantly strive to improve our traders&#8217; experience, and as a result, we have received multiple awards over the years from international broker and finance organizations. The awards below are just some of the reasons why millions of traders worldwide trust our platform to trade and invest on. 2023 2021 2020&#8230;<\/p>","protected":false},"author":1,"featured_media":0,"parent":0,"menu_order":0,"comment_status":"closed","ping_status":"open","template":"","meta":{"_kad_post_transparent":"","_kad_post_title":"hide","_kad_post_layout":"fullwidth","_kad_post_sidebar_id":"","_kad_post_content_style":"unboxed","_kad_post_vertical_padding":"hide","_kad_post_feature":"hide","_kad_post_feature_position":"","_kad_post_header":false,"_kad_post_footer":false,"footnotes":""},"class_list":["post-1187","page","type-page","status-publish","hentry"],"yoast_head":"<!-- This site is optimized with the Yoast SEO plugin v26.0 - https:\/\/yoast.com\/wordpress\/plugins\/seo\/ -->\n<title>Awards - Olymp Trade<\/title>\n<meta name=\"description\" content=\"Online trading with the multi-award-winning broker Olymptrade \u2013 Enjoy the most reliable Forex trading experience and best customer service.\" \/>\n<meta name=\"robots\" content=\"index, follow, max-snippet:-1, max-image-preview:large, max-video-preview:-1\" \/>\n<link rel=\"canonical\" href=\"https:\/\/olymptrade.ai\/fr\/recompenses\/\" \/>\n<meta property=\"og:locale\" content=\"fr_FR\" \/>\n<meta property=\"og:type\" content=\"article\" \/>\n<meta property=\"og:title\" content=\"Awards - Olymp Trade\" \/>\n<meta property=\"og:description\" content=\"Online trading with the multi-award-winning broker Olymptrade \u2013 Enjoy the most reliable Forex trading experience and best customer service.\" \/>\n<meta property=\"og:url\" content=\"https:\/\/olymptrade.ai\/fr\/recompenses\/\" \/>\n<meta property=\"og:site_name\" content=\"Olymp Trade\" \/>\n<meta property=\"article:publisher\" content=\"https:\/\/www.facebook.com\/olymptradecom\/\" \/>\n<meta property=\"article:modified_time\" content=\"2025-06-26T03:30:26+00:00\" \/>\n<meta property=\"og:image\" content=\"https:\/\/olymptrade.ai\/wp-content\/uploads\/2025\/02\/awards_page_bg_600.png\" \/>\n\t<meta property=\"og:image:width\" content=\"613\" \/>\n\t<meta property=\"og:image:height\" content=\"552\" \/>\n\t<meta property=\"og:image:type\" content=\"image\/png\" \/>\n<meta name=\"twitter:card\" content=\"summary_large_image\" \/>\n<meta name=\"twitter:label1\" content=\"Dur\u00e9e de lecture estim\u00e9e\" \/>\n\t<meta name=\"twitter:data1\" content=\"1 minute\" \/>\n<script type=\"application\/ld+json\" class=\"yoast-schema-graph\">{\"@context\":\"https:\/\/schema.org\",\"@graph\":[{\"@type\":[\"WebPage\",\"QAPage\"],\"@id\":\"https:\/\/olymptrade.ai\/awards\/\",\"url\":\"https:\/\/olymptrade.ai\/awards\/\",\"name\":\"Awards - Olymp Trade\",\"isPartOf\":{\"@id\":\"https:\/\/olymptrade.ai\/#website\"},\"primaryImageOfPage\":{\"@id\":\"https:\/\/olymptrade.ai\/awards\/#primaryimage\"},\"image\":{\"@id\":\"https:\/\/olymptrade.ai\/awards\/#primaryimage\"},\"thumbnailUrl\":\"https:\/\/olymptrade.ai\/wp-content\/uploads\/2025\/02\/awards_page_bg_600.png\",\"datePublished\":\"2025-02-08T03:08:43+00:00\",\"dateModified\":\"2025-06-26T03:30:26+00:00\",\"description\":\"Online trading with the multi-award-winning broker Olymptrade \u2013 Enjoy the most reliable Forex trading experience and best customer service.\",\"breadcrumb\":{\"@id\":\"https:\/\/olymptrade.ai\/awards\/#breadcrumb\"},\"inLanguage\":\"fr-FR\",\"potentialAction\":[{\"@type\":\"ReadAction\",\"target\":[\"https:\/\/olymptrade.ai\/awards\/\"]}]},{\"@type\":\"ImageObject\",\"inLanguage\":\"fr-FR\",\"@id\":\"https:\/\/olymptrade.ai\/awards\/#primaryimage\",\"url\":\"https:\/\/olymptrade.ai\/wp-content\/uploads\/2025\/02\/awards_page_bg_600.png\",\"contentUrl\":\"https:\/\/olymptrade.ai\/wp-content\/uploads\/2025\/02\/awards_page_bg_600.png\"},{\"@type\":\"BreadcrumbList\",\"@id\":\"https:\/\/olymptrade.ai\/awards\/#breadcrumb\",\"itemListElement\":[{\"@type\":\"ListItem\",\"position\":1,\"name\":\"Home\",\"item\":\"https:\/\/olymptrade.ai\/\"},{\"@type\":\"ListItem\",\"position\":2,\"name\":\"Awards\"}]},{\"@type\":\"WebSite\",\"@id\":\"https:\/\/olymptrade.ai\/#website\",\"url\":\"https:\/\/olymptrade.ai\/\",\"name\":\"Olymptrade\",\"description\":\"Invest in Your Favorite Markets with Olymptrade\",\"publisher\":{\"@id\":\"https:\/\/olymptrade.ai\/#organization\"},\"potentialAction\":[{\"@type\":\"SearchAction\",\"target\":{\"@type\":\"EntryPoint\",\"urlTemplate\":\"https:\/\/olymptrade.ai\/?s={search_term_string}\"},\"query-input\":{\"@type\":\"PropertyValueSpecification\",\"valueRequired\":true,\"valueName\":\"search_term_string\"}}],\"inLanguage\":\"fr-FR\"},{\"@type\":\"Organization\",\"@id\":\"https:\/\/olymptrade.ai\/#organization\",\"name\":\"Olymptrade\",\"url\":\"https:\/\/olymptrade.ai\/\",\"logo\":{\"@type\":\"ImageObject\",\"inLanguage\":\"fr-FR\",\"@id\":\"https:\/\/olymptrade.ai\/#\/schema\/logo\/image\/\",\"url\":\"https:\/\/olymptrade.ai\/wp-content\/uploads\/2025\/02\/logo_olymp_trade_trading.png\",\"contentUrl\":\"https:\/\/olymptrade.ai\/wp-content\/uploads\/2025\/02\/logo_olymp_trade_trading.png\",\"width\":512,\"height\":512,\"caption\":\"Olymptrade\"},\"image\":{\"@id\":\"https:\/\/olymptrade.ai\/#\/schema\/logo\/image\/\"},\"sameAs\":[\"https:\/\/www.facebook.com\/olymptradecom\/\"]}]}<\/script>\n<!-- \/ Yoast SEO plugin. -->","yoast_head_json":{"title":"Prix - Olymp Trade","description":"Trading en ligne avec le courtier Olymptrade - Profitez de l'exp\u00e9rience de trading Forex la plus fiable et du meilleur service client.","robots":{"index":"index","follow":"follow","max-snippet":"max-snippet:-1","max-image-preview":"max-image-preview:large","max-video-preview":"max-video-preview:-1"},"canonical":"https:\/\/olymptrade.ai\/fr\/recompenses\/","og_locale":"fr_FR","og_type":"article","og_title":"Awards - Olymp Trade","og_description":"Online trading with the multi-award-winning broker Olymptrade \u2013 Enjoy the most reliable Forex trading experience and best customer service.","og_url":"https:\/\/olymptrade.ai\/fr\/recompenses\/","og_site_name":"Olymp Trade","article_publisher":"https:\/\/www.facebook.com\/olymptradecom\/","article_modified_time":"2025-06-26T03:30:26+00:00","og_image":[{"width":613,"height":552,"url":"https:\/\/olymptrade.ai\/wp-content\/uploads\/2025\/02\/awards_page_bg_600.png","type":"image\/png"}],"twitter_card":"summary_large_image","twitter_misc":{"Dur\u00e9e de lecture estim\u00e9e":"1 minute"},"schema":{"@context":"https:\/\/schema.org","@graph":[{"@type":["WebPage","QAPage"],"@id":"https:\/\/olymptrade.ai\/awards\/","url":"https:\/\/olymptrade.ai\/awards\/","name":"Prix - Olymp Trade","isPartOf":{"@id":"https:\/\/olymptrade.ai\/#website"},"primaryImageOfPage":{"@id":"https:\/\/olymptrade.ai\/awards\/#primaryimage"},"image":{"@id":"https:\/\/olymptrade.ai\/awards\/#primaryimage"},"thumbnailUrl":"https:\/\/olymptrade.ai\/wp-content\/uploads\/2025\/02\/awards_page_bg_600.png","datePublished":"2025-02-08T03:08:43+00:00","dateModified":"2025-06-26T03:30:26+00:00","description":"Trading en ligne avec le courtier Olymptrade - Profitez de l'exp\u00e9rience de trading Forex la plus fiable et du meilleur service client.","breadcrumb":{"@id":"https:\/\/olymptrade.ai\/awards\/#breadcrumb"},"inLanguage":"fr-FR","potentialAction":[{"@type":"ReadAction","target":["https:\/\/olymptrade.ai\/awards\/"]}]},{"@type":"ImageObject","inLanguage":"fr-FR","@id":"https:\/\/olymptrade.ai\/awards\/#primaryimage","url":"https:\/\/olymptrade.ai\/wp-content\/uploads\/2025\/02\/awards_page_bg_600.png","contentUrl":"https:\/\/olymptrade.ai\/wp-content\/uploads\/2025\/02\/awards_page_bg_600.png"},{"@type":"BreadcrumbList","@id":"https:\/\/olymptrade.ai\/awards\/#breadcrumb","itemListElement":[{"@type":"ListItem","position":1,"name":"Home","item":"https:\/\/olymptrade.ai\/"},{"@type":"ListItem","position":2,"name":"Awards"}]},{"@type":"WebSite","@id":"https:\/\/olymptrade.ai\/#website","url":"https:\/\/olymptrade.ai\/","name":"Olymptrade","description":"Investissez sur vos march\u00e9s pr\u00e9f\u00e9r\u00e9s avec Olymptrade","publisher":{"@id":"https:\/\/olymptrade.ai\/#organization"},"potentialAction":[{"@type":"SearchAction","target":{"@type":"EntryPoint","urlTemplate":"https:\/\/olymptrade.ai\/?s={search_term_string}"},"query-input":{"@type":"PropertyValueSpecification","valueRequired":true,"valueName":"search_term_string"}}],"inLanguage":"fr-FR"},{"@type":"Organization","@id":"https:\/\/olymptrade.ai\/#organization","name":"Olymptrade","url":"https:\/\/olymptrade.ai\/","logo":{"@type":"ImageObject","inLanguage":"fr-FR","@id":"https:\/\/olymptrade.ai\/#\/schema\/logo\/image\/","url":"https:\/\/olymptrade.ai\/wp-content\/uploads\/2025\/02\/logo_olymp_trade_trading.png","contentUrl":"https:\/\/olymptrade.ai\/wp-content\/uploads\/2025\/02\/logo_olymp_trade_trading.png","width":512,"height":512,"caption":"Olymptrade"},"image":{"@id":"https:\/\/olymptrade.ai\/#\/schema\/logo\/image\/"},"sameAs":["https:\/\/www.facebook.com\/olymptradecom\/"]}]}},"_links":{"self":[{"href":"https:\/\/olymptrade.ai\/fr\/wp-json\/wp\/v2\/pages\/1187","targetHints":{"allow":["GET"]}}],"collection":[{"href":"https:\/\/olymptrade.ai\/fr\/wp-json\/wp\/v2\/pages"}],"about":[{"href":"https:\/\/olymptrade.ai\/fr\/wp-json\/wp\/v2\/types\/page"}],"author":[{"embeddable":true,"href":"https:\/\/olymptrade.ai\/fr\/wp-json\/wp\/v2\/users\/1"}],"replies":[{"embeddable":true,"href":"https:\/\/olymptrade.ai\/fr\/wp-json\/wp\/v2\/comments?post=1187"}],"version-history":[{"count":0,"href":"https:\/\/olymptrade.ai\/fr\/wp-json\/wp\/v2\/pages\/1187\/revisions"}],"wp:attachment":[{"href":"https:\/\/olymptrade.ai\/fr\/wp-json\/wp\/v2\/media?parent=1187"}],"curies":[{"name":"wp","href":"https:\/\/api.w.org\/{rel}","templated":true}]}}